{"id":207869,"date":"2018-01-10T08:58:29","date_gmt":"2018-01-10T07:58:29","guid":{"rendered":"http:\/\/sycszpz.cluster100.hosting.ovh.net\/?page_id=207869"},"modified":"2023-03-10T08:27:39","modified_gmt":"2023-03-10T07:27:39","slug":"sms-for-schools-and-parents","status":"publish","type":"page","link":"https:\/\/www.textinghouse.com\/en\/industries\/sms-for-schools-and-parents\/","title":{"rendered":"Send school SMS to parents"},"content":{"rendered":"<p>[et_pb_section fb_built=&#8221;1&#8243; inner_shadow=&#8221;on&#8221; custom_padding_last_edited=&#8221;on|desktop&#8221; _builder_version=&#8221;4.16&#8243; background_image=&#8221;https:\/\/www.textinghouse.com\/wp-content\/uploads\/2017\/07\/bg_school2_darken.jpg&#8221; custom_padding=&#8221;||100px|&#8221; custom_padding_tablet=&#8221;&#8221; custom_padding_phone=&#8221;||50px|&#8221; global_colors_info=&#8221;{}&#8221;][et_pb_row custom_padding_last_edited=&#8221;on|phone&#8221; _builder_version=&#8221;4.16&#8243; background_size=&#8221;initial&#8221; background_position=&#8221;top_left&#8221; background_repeat=&#8221;repeat&#8221; custom_padding=&#8221;50px|||&#8221; custom_padding_tablet=&#8221;&#8221; custom_padding_phone=&#8221;0px|||&#8221; global_colors_info=&#8221;{}&#8221; column_structure=&#8221;2_3,1_3&#8243;][et_pb_column type=&#8221;2_3&#8243; _builder_version=&#8221;4.16&#8243; custom_padding=&#8221;|||&#8221; global_colors_info=&#8221;{}&#8221; custom_padding__hover=&#8221;|||&#8221;][et_pb_text _builder_version=&#8221;4.16&#8243; header_font=&#8221;||||||||&#8221; header_text_align=&#8221;center&#8221; header_text_color=&#8221;#ffffff&#8221; header_font_size_tablet=&#8221;&#8221; header_font_size_phone=&#8221;30px&#8221; header_font_size_last_edited=&#8221;on|phone&#8221; header_text_shadow_style=&#8221;preset3&#8243; border_style=&#8221;solid&#8221; global_colors_info=&#8221;{}&#8221;]<\/p>\n<h1 style=\"text-align: center;\"><span style=\"color: #ffffff;\">Send SMS to parents with children of school age<\/span><\/h1>\n<p>&nbsp;[\/et_pb_text][\/et_pb_column][et_pb_column type=&#8221;1_3&#8243; _builder_version=&#8221;4.16&#8243; custom_padding=&#8221;|||&#8221; global_colors_info=&#8221;{}&#8221; custom_padding__hover=&#8221;|||&#8221;][et_pb_button button_url=&#8221;https:\/\/chrome.google.com\/webstore\/detail\/textinghouse\/plioeekphajaajkahjjogkfgpnnbkpdl?hl=en&#8221; button_text=&#8221;Try, it&#039;s free! &#8221; button_alignment=&#8221;center&#8221; disabled_on=&#8221;on|off|off&#8221; module_id=&#8221;btn-essai-gratuit&#8221; _builder_version=&#8221;4.13.0&#8243; custom_button=&#8221;on&#8221; button_text_color=&#8221;#000000&#8243; button_bg_color=&#8221;#ffa200&#8243; button_border_width=&#8221;0&#8243; button_letter_spacing=&#8221;1&#8243; button_font=&#8221;|700|||||||&#8221; button_icon=&#8221;&#x35;||divi||400&#8243; button_rel=&#8221;off||on||&#8221; custom_margin=&#8221;0px||0px|&#8221; custom_margin_tablet=&#8221;70px|||&#8221; button_letter_spacing_hover=&#8221;0&#8243; global_module=&#8221;206020&#8243; saved_tabs=&#8221;all&#8221; global_colors_info=&#8221;{}&#8221; button_text_size__hover_enabled=&#8221;off&#8221; button_one_text_size__hover_enabled=&#8221;off&#8221; button_two_text_size__hover_enabled=&#8221;off&#8221; button_text_color__hover_enabled=&#8221;off&#8221; button_one_text_color__hover_enabled=&#8221;off&#8221; button_two_text_color__hover_enabled=&#8221;off&#8221; button_border_width__hover_enabled=&#8221;off&#8221; button_one_border_width__hover_enabled=&#8221;off&#8221; button_two_border_width__hover_enabled=&#8221;off&#8221; button_border_color__hover_enabled=&#8221;off&#8221; button_one_border_color__hover_enabled=&#8221;off&#8221; button_two_border_color__hover_enabled=&#8221;off&#8221; button_border_radius__hover_enabled=&#8221;off&#8221; button_one_border_radius__hover_enabled=&#8221;off&#8221; button_two_border_radius__hover_enabled=&#8221;off&#8221; button_letter_spacing__hover_enabled=&#8221;on&#8221; button_one_letter_spacing__hover_enabled=&#8221;off&#8221; button_two_letter_spacing__hover_enabled=&#8221;off&#8221; button_bg_color__hover_enabled=&#8221;off&#8221; button_one_bg_color__hover_enabled=&#8221;off&#8221; button_two_bg_color__hover_enabled=&#8221;off&#8221; button_letter_spacing__hover=&#8221;1&#8243;][\/et_pb_button][et_pb_code disabled_on=&#8221;on|off|off&#8221; module_id=&#8221;other-dl&#8221; _builder_version=&#8221;4.9.10&#8243; text_orientation=&#8221;center&#8221; global_module=&#8221;205894&#8243; saved_tabs=&#8221;all&#8221; global_colors_info=&#8221;{}&#8221;]<span style=\"color: #ffffff; display: block; text-align: center;\">\u00c9galement disponible sur :<a href=\"\/telecharger-textinghouse\/chrome\/\" class=\"browser-icon icon-chrome\"><\/a><a href=\"\/telecharger-textinghouse\/firefox\/\" class=\"browser-icon icon-firefox\"><\/a><a href=\"\/telecharger-textinghouse\/opera\/\" class=\"browser-icon icon-opera\"><\/a><\/span>[\/et_pb_code][\/et_pb_column][\/et_pb_row][\/et_pb_section][et_pb_section fb_built=&#8221;1&#8243; admin_label=&#8221;section&#8221; _builder_version=&#8221;4.16&#8243; global_colors_info=&#8221;{}&#8221;][et_pb_row _builder_version=&#8221;4.16&#8243; background_size=&#8221;initial&#8221; background_position=&#8221;top_left&#8221; background_repeat=&#8221;repeat&#8221; global_colors_info=&#8221;{}&#8221;][et_pb_column type=&#8221;4_4&#8243; _builder_version=&#8221;4.16&#8243; custom_padding=&#8221;|||&#8221; global_colors_info=&#8221;{}&#8221; custom_padding__hover=&#8221;|||&#8221;][et_pb_code _builder_version=&#8221;4.16&#8243; custom_margin=&#8221;||0px|&#8221; global_colors_info=&#8221;{}&#8221;]<\/p>\n<div class=\"et_pb_blurb_content\"><!-- [et_pb_line_break_holder] -->  <\/p>\n<div class=\"et_pb_main_blurb_image\"><!-- [et_pb_line_break_holder] -->   <span class=\"et_pb_image_wrap\"><!-- [et_pb_line_break_holder] -->   <span class=\"et-pb-icon et-waypoint et_pb_animation_top et-animated blurb-icon\"><i class=\"fa fa-graduation-cap\"><\/i><\/span><!-- [et_pb_line_break_holder] -->   <\/span><!-- [et_pb_line_break_holder] -->  <\/div>\n<p><!-- [et_pb_line_break_holder] --><\/div>\n<p>[\/et_pb_code][et_pb_blurb title=&#8221;Send school SMS to parents &#8221; admin_label=&#8221;R\u00e9sum\u00e9 &#8211; Ecole&#8221; _builder_version=&#8221;4.16&#8243; header_font=&#8221;||||||||&#8221; header_font_size=&#8221;20px&#8221; body_font=&#8221;||||||||&#8221; body_font_size=&#8221;16px&#8221; custom_margin=&#8221;|0px||0px&#8221; border_style=&#8221;solid&#8221; global_colors_info=&#8221;{}&#8221;]Our application will help you circulate information to parents in real time using the immediacy of text message.<\/p>\n<p>This is a very useful tool for schools. Elementary, middle, high school, or other institutes, you all need sometimes to send SMS alerts in case of strikes, exceptional closings, parent-teacher meetings, fees due reminder, opening of a new course &#8230;\u00a0 There is always a need to send school texts, and many are already using our School SMS solution.[\/et_pb_blurb][\/et_pb_column][\/et_pb_row][\/et_pb_section][et_pb_section fb_built=&#8221;1&#8243; _builder_version=&#8221;4.16&#8243; background_color=&#8221;#374c4f&#8221; global_colors_info=&#8221;{}&#8221;][et_pb_row _builder_version=&#8221;4.16&#8243; background_size=&#8221;initial&#8221; background_position=&#8221;top_left&#8221; background_repeat=&#8221;repeat&#8221; global_colors_info=&#8221;{}&#8221;][et_pb_column type=&#8221;4_4&#8243; _builder_version=&#8221;4.16&#8243; custom_padding=&#8221;|||&#8221; global_colors_info=&#8221;{}&#8221; custom_padding__hover=&#8221;|||&#8221;][et_pb_testimonial author=&#8221;C\u00e9cile P.&#8221; job_title=&#8221;Chief education adviser&#8221; portrait_url=&#8221;https:\/\/www.textinghouse.com\/wp-content\/uploads\/2018\/07\/TextingHouse_photo_t\u00e9moignage_scolaire.jpg&#8221; quote_icon_color=&#8221;#ffffff&#8221; _builder_version=&#8221;4.16&#8243; body_text_color=&#8221;#ffffff&#8221; use_background_color=&#8221;off&#8221; border_style=&#8221;solid&#8221; global_colors_info=&#8221;{}&#8221;]&#8221;A time-saving trick that improve the parent-school relationship. Parents like to be informed on the school events. We obviously warn the parents of the absences, but not only that&#8230;<br \/>\nAn user-friendly tool that integrates our school life software and makes our life easier!&#8221;[\/et_pb_testimonial][\/et_pb_column][\/et_pb_row][\/et_pb_section][et_pb_section fb_built=&#8221;1&#8243; _builder_version=&#8221;4.16&#8243; custom_padding=&#8221;||0px|&#8221; global_colors_info=&#8221;{}&#8221;][et_pb_row _builder_version=&#8221;4.16&#8243; background_size=&#8221;initial&#8221; background_position=&#8221;top_left&#8221; background_repeat=&#8221;repeat&#8221; global_colors_info=&#8221;{}&#8221;][et_pb_column type=&#8221;4_4&#8243; _builder_version=&#8221;4.16&#8243; custom_padding=&#8221;|||&#8221; global_colors_info=&#8221;{}&#8221; custom_padding__hover=&#8221;|||&#8221;][et_pb_text _builder_version=&#8221;4.16&#8243; global_colors_info=&#8221;{}&#8221;]<\/p>\n<h2 style=\"text-align: center;\">Few School SMS templates:<\/h2>\n<p>[\/et_pb_text][\/et_pb_column][\/et_pb_row][et_pb_row _builder_version=&#8221;4.16&#8243; global_colors_info=&#8221;{}&#8221; column_structure=&#8221;1_3,1_3,1_3&#8243;][et_pb_column type=&#8221;1_3&#8243; _builder_version=&#8221;4.16&#8243; background_position=&#8221;top_left&#8221; custom_padding=&#8221;|||&#8221; global_colors_info=&#8221;{}&#8221; custom_padding__hover=&#8221;|||&#8221;][et_pb_testimonial disabled_on=&#8221;off||&#8221; _builder_version=&#8221;4.16&#8243; custom_css_before=&#8221;content: %22%92e00b%22;||margin-top : -10px;||padding : 10px;&#8221; border_style=&#8221;solid&#8221; global_colors_info=&#8221;{}&#8221;]&#8221;Dear parent,<br \/>\nFrench school books have changed, please check our website before purchasing it.<br \/>\nTranquility School.&#8221;<br \/>\n[\/et_pb_testimonial][\/et_pb_column][et_pb_column type=&#8221;1_3&#8243; _builder_version=&#8221;4.16&#8243; background_position=&#8221;top_left&#8221; custom_padding=&#8221;|||&#8221; global_colors_info=&#8221;{}&#8221; custom_padding__hover=&#8221;|||&#8221;][et_pb_testimonial _builder_version=&#8221;4.16&#8243; custom_css_before=&#8221;content: %22%92e00b%22;||margin-top : -10px;||padding : 10px;&#8221; border_style=&#8221;solid&#8221; global_colors_info=&#8221;{}&#8221;]&#8221;Good morning,<br \/>\nYour child William BRODY was absent today without prior warning Please contact us at .<br \/>\nUnion School.&#8221;<br \/>\n[\/et_pb_testimonial][\/et_pb_column][et_pb_column type=&#8221;1_3&#8243; _builder_version=&#8221;4.16&#8243; background_position=&#8221;top_left&#8221; custom_padding=&#8221;|||&#8221; global_colors_info=&#8221;{}&#8221; custom_padding__hover=&#8221;|||&#8221;][et_pb_testimonial _builder_version=&#8221;4.16&#8243; custom_css_before=&#8221;content: %22%92e00b%22;||margin-top : -10px;||padding : 10px;&#8221; border_style=&#8221;solid&#8221; global_colors_info=&#8221;{}&#8221;]&#8221;Dear parent,<br \/>\nyour ward can come and collect his high-school diploma at the administration office.<br \/>\nLittlewood Academy.&#8221;<br \/>\n[\/et_pb_testimonial][\/et_pb_column][\/et_pb_row][\/et_pb_section]<\/p>\n","protected":false},"excerpt":{"rendered":"<p>Send SMS to parents with children of school age &nbsp;Our application will help you circulate information to parents in real time using the immediacy of text message. This is a very useful tool for schools. Elementary, middle, high school, or other institutes, you all need sometimes to send SMS alerts in case of strikes, exceptional [&hellip;]<\/p>\n","protected":false},"author":1,"featured_media":0,"parent":205741,"menu_order":7,"comment_status":"closed","ping_status":"closed","template":"","meta":{"_et_pb_use_builder":"on","_et_pb_old_content":"","_et_gb_content_width":"","footnotes":""},"class_list":["post-207869","page","type-page","status-publish","hentry"],"yoast_head":"<!-- This site is optimized with the Yoast SEO plugin v27.3 - https:\/\/yoast.com\/product\/yoast-seo-wordpress\/ -->\n<title>Send school SMS to parents<\/title>\n<meta name=\"description\" content=\"SMS solution for schools. Send fees due reminders to parents, warn them of non-attendance, keep them informed about school life and events.\" \/>\n<meta name=\"robots\" content=\"index, follow, max-snippet:-1, max-image-preview:large, max-video-preview:-1\" \/>\n<link rel=\"canonical\" href=\"https:\/\/www.textinghouse.com\/en\/industries\/sms-for-schools-and-parents\/\" \/>\n<meta property=\"og:locale\" content=\"en_US\" \/>\n<meta property=\"og:type\" content=\"article\" \/>\n<meta property=\"og:title\" content=\"Send school SMS to parents\" \/>\n<meta property=\"og:description\" content=\"SMS solution for schools. Send fees due reminders to parents, warn them of non-attendance, keep them informed about school life and events.\" \/>\n<meta property=\"og:url\" content=\"https:\/\/www.textinghouse.com\/en\/industries\/sms-for-schools-and-parents\/\" \/>\n<meta property=\"og:site_name\" content=\"TextingHouse SMS pro\" \/>\n<meta property=\"article:publisher\" content=\"https:\/\/www.facebook.com\/TextingHouse\" \/>\n<meta property=\"article:modified_time\" content=\"2023-03-10T07:27:39+00:00\" \/>\n<meta name=\"twitter:card\" content=\"summary_large_image\" \/>\n<meta name=\"twitter:site\" content=\"@TextingHouse\" \/>\n<meta name=\"twitter:label1\" content=\"Est. reading time\" \/>\n\t<meta name=\"twitter:data1\" content=\"5 minutes\" \/>\n<script type=\"application\/ld+json\" class=\"yoast-schema-graph\">{\"@context\":\"https:\\\/\\\/schema.org\",\"@graph\":[{\"@type\":\"WebPage\",\"@id\":\"https:\\\/\\\/www.textinghouse.com\\\/en\\\/industries\\\/sms-for-schools-and-parents\\\/\",\"url\":\"https:\\\/\\\/www.textinghouse.com\\\/en\\\/industries\\\/sms-for-schools-and-parents\\\/\",\"name\":\"Send school SMS to parents\",\"isPartOf\":{\"@id\":\"https:\\\/\\\/www.textinghouse.com\\\/en\\\/#website\"},\"datePublished\":\"2018-01-10T07:58:29+00:00\",\"dateModified\":\"2023-03-10T07:27:39+00:00\",\"description\":\"SMS solution for schools. Send fees due reminders to parents, warn them of non-attendance, keep them informed about school life and events.\",\"breadcrumb\":{\"@id\":\"https:\\\/\\\/www.textinghouse.com\\\/en\\\/industries\\\/sms-for-schools-and-parents\\\/#breadcrumb\"},\"inLanguage\":\"en-US\",\"potentialAction\":[{\"@type\":\"ReadAction\",\"target\":[\"https:\\\/\\\/www.textinghouse.com\\\/en\\\/industries\\\/sms-for-schools-and-parents\\\/\"]}]},{\"@type\":\"BreadcrumbList\",\"@id\":\"https:\\\/\\\/www.textinghouse.com\\\/en\\\/industries\\\/sms-for-schools-and-parents\\\/#breadcrumb\",\"itemListElement\":[{\"@type\":\"ListItem\",\"position\":1,\"name\":\"Accueil\",\"item\":\"https:\\\/\\\/www.textinghouse.com\\\/en\\\/sending-pro-sms-via-web-browser-extension-textinghouse\\\/\"},{\"@type\":\"ListItem\",\"position\":2,\"name\":\"Industries\",\"item\":\"https:\\\/\\\/www.textinghouse.com\\\/en\\\/industries\\\/\"},{\"@type\":\"ListItem\",\"position\":3,\"name\":\"Send school SMS to parents\"}]},{\"@type\":\"WebSite\",\"@id\":\"https:\\\/\\\/www.textinghouse.com\\\/en\\\/#website\",\"url\":\"https:\\\/\\\/www.textinghouse.com\\\/en\\\/\",\"name\":\"TextingHouse SMS pro\",\"description\":\"L&#039;int\u00e9gration du SMS \u00e0 vos applications m\u00e9tier\",\"publisher\":{\"@id\":\"https:\\\/\\\/www.textinghouse.com\\\/en\\\/#organization\"},\"potentialAction\":[{\"@type\":\"SearchAction\",\"target\":{\"@type\":\"EntryPoint\",\"urlTemplate\":\"https:\\\/\\\/www.textinghouse.com\\\/en\\\/?s={search_term_string}\"},\"query-input\":{\"@type\":\"PropertyValueSpecification\",\"valueRequired\":true,\"valueName\":\"search_term_string\"}}],\"inLanguage\":\"en-US\"},{\"@type\":\"Organization\",\"@id\":\"https:\\\/\\\/www.textinghouse.com\\\/en\\\/#organization\",\"name\":\"TextingHouse\",\"url\":\"https:\\\/\\\/www.textinghouse.com\\\/en\\\/\",\"logo\":{\"@type\":\"ImageObject\",\"inLanguage\":\"en-US\",\"@id\":\"https:\\\/\\\/www.textinghouse.com\\\/en\\\/#\\\/schema\\\/logo\\\/image\\\/\",\"url\":\"https:\\\/\\\/www.textinghouse.com\\\/wp-content\\\/uploads\\\/2017\\\/05\\\/cropped-TextingHouse_logo_800.png\",\"contentUrl\":\"https:\\\/\\\/www.textinghouse.com\\\/wp-content\\\/uploads\\\/2017\\\/05\\\/cropped-TextingHouse_logo_800.png\",\"width\":512,\"height\":512,\"caption\":\"TextingHouse\"},\"image\":{\"@id\":\"https:\\\/\\\/www.textinghouse.com\\\/en\\\/#\\\/schema\\\/logo\\\/image\\\/\"},\"sameAs\":[\"https:\\\/\\\/www.facebook.com\\\/TextingHouse\",\"https:\\\/\\\/x.com\\\/TextingHouse\",\"https:\\\/\\\/www.linkedin.com\\\/company\\\/textinghouse\",\"https:\\\/\\\/www.youtube.com\\\/channel\\\/UC9PEMl25tu5mNeTNeJXK5bA\"]}]}<\/script>\n<!-- \/ Yoast SEO plugin. -->","yoast_head_json":{"title":"Send school SMS to parents","description":"SMS solution for schools. Send fees due reminders to parents, warn them of non-attendance, keep them informed about school life and events.","robots":{"index":"index","follow":"follow","max-snippet":"max-snippet:-1","max-image-preview":"max-image-preview:large","max-video-preview":"max-video-preview:-1"},"canonical":"https:\/\/www.textinghouse.com\/en\/industries\/sms-for-schools-and-parents\/","og_locale":"en_US","og_type":"article","og_title":"Send school SMS to parents","og_description":"SMS solution for schools. Send fees due reminders to parents, warn them of non-attendance, keep them informed about school life and events.","og_url":"https:\/\/www.textinghouse.com\/en\/industries\/sms-for-schools-and-parents\/","og_site_name":"TextingHouse SMS pro","article_publisher":"https:\/\/www.facebook.com\/TextingHouse","article_modified_time":"2023-03-10T07:27:39+00:00","twitter_card":"summary_large_image","twitter_site":"@TextingHouse","twitter_misc":{"Est. reading time":"5 minutes"},"schema":{"@context":"https:\/\/schema.org","@graph":[{"@type":"WebPage","@id":"https:\/\/www.textinghouse.com\/en\/industries\/sms-for-schools-and-parents\/","url":"https:\/\/www.textinghouse.com\/en\/industries\/sms-for-schools-and-parents\/","name":"Send school SMS to parents","isPartOf":{"@id":"https:\/\/www.textinghouse.com\/en\/#website"},"datePublished":"2018-01-10T07:58:29+00:00","dateModified":"2023-03-10T07:27:39+00:00","description":"SMS solution for schools. Send fees due reminders to parents, warn them of non-attendance, keep them informed about school life and events.","breadcrumb":{"@id":"https:\/\/www.textinghouse.com\/en\/industries\/sms-for-schools-and-parents\/#breadcrumb"},"inLanguage":"en-US","potentialAction":[{"@type":"ReadAction","target":["https:\/\/www.textinghouse.com\/en\/industries\/sms-for-schools-and-parents\/"]}]},{"@type":"BreadcrumbList","@id":"https:\/\/www.textinghouse.com\/en\/industries\/sms-for-schools-and-parents\/#breadcrumb","itemListElement":[{"@type":"ListItem","position":1,"name":"Accueil","item":"https:\/\/www.textinghouse.com\/en\/sending-pro-sms-via-web-browser-extension-textinghouse\/"},{"@type":"ListItem","position":2,"name":"Industries","item":"https:\/\/www.textinghouse.com\/en\/industries\/"},{"@type":"ListItem","position":3,"name":"Send school SMS to parents"}]},{"@type":"WebSite","@id":"https:\/\/www.textinghouse.com\/en\/#website","url":"https:\/\/www.textinghouse.com\/en\/","name":"TextingHouse SMS pro","description":"L&#039;int\u00e9gration du SMS \u00e0 vos applications m\u00e9tier","publisher":{"@id":"https:\/\/www.textinghouse.com\/en\/#organization"},"potentialAction":[{"@type":"SearchAction","target":{"@type":"EntryPoint","urlTemplate":"https:\/\/www.textinghouse.com\/en\/?s={search_term_string}"},"query-input":{"@type":"PropertyValueSpecification","valueRequired":true,"valueName":"search_term_string"}}],"inLanguage":"en-US"},{"@type":"Organization","@id":"https:\/\/www.textinghouse.com\/en\/#organization","name":"TextingHouse","url":"https:\/\/www.textinghouse.com\/en\/","logo":{"@type":"ImageObject","inLanguage":"en-US","@id":"https:\/\/www.textinghouse.com\/en\/#\/schema\/logo\/image\/","url":"https:\/\/www.textinghouse.com\/wp-content\/uploads\/2017\/05\/cropped-TextingHouse_logo_800.png","contentUrl":"https:\/\/www.textinghouse.com\/wp-content\/uploads\/2017\/05\/cropped-TextingHouse_logo_800.png","width":512,"height":512,"caption":"TextingHouse"},"image":{"@id":"https:\/\/www.textinghouse.com\/en\/#\/schema\/logo\/image\/"},"sameAs":["https:\/\/www.facebook.com\/TextingHouse","https:\/\/x.com\/TextingHouse","https:\/\/www.linkedin.com\/company\/textinghouse","https:\/\/www.youtube.com\/channel\/UC9PEMl25tu5mNeTNeJXK5bA"]}]}},"_links":{"self":[{"href":"https:\/\/www.textinghouse.com\/en\/wp-json\/wp\/v2\/pages\/207869","targetHints":{"allow":["GET"]}}],"collection":[{"href":"https:\/\/www.textinghouse.com\/en\/wp-json\/wp\/v2\/pages"}],"about":[{"href":"https:\/\/www.textinghouse.com\/en\/wp-json\/wp\/v2\/types\/page"}],"author":[{"embeddable":true,"href":"https:\/\/www.textinghouse.com\/en\/wp-json\/wp\/v2\/users\/1"}],"replies":[{"embeddable":true,"href":"https:\/\/www.textinghouse.com\/en\/wp-json\/wp\/v2\/comments?post=207869"}],"version-history":[{"count":0,"href":"https:\/\/www.textinghouse.com\/en\/wp-json\/wp\/v2\/pages\/207869\/revisions"}],"up":[{"embeddable":true,"href":"https:\/\/www.textinghouse.com\/en\/wp-json\/wp\/v2\/pages\/205741"}],"wp:attachment":[{"href":"https:\/\/www.textinghouse.com\/en\/wp-json\/wp\/v2\/media?parent=207869"}],"curies":[{"name":"wp","href":"https:\/\/api.w.org\/{rel}","templated":true}]}}