{"id":210259,"date":"2019-02-19T11:50:20","date_gmt":"2019-02-19T10:50:20","guid":{"rendered":"http:\/\/sycszpz.cluster100.hosting.ovh.net\/?page_id=210259"},"modified":"2026-02-10T13:01:17","modified_gmt":"2026-02-10T12:01:17","slug":"legal-notice","status":"publish","type":"page","link":"https:\/\/www.textinghouse.com\/en\/legal-notice\/","title":{"rendered":"Legal notice"},"content":{"rendered":"<p>[et_pb_section fb_built=&#8221;1&#8243; admin_label=&#8221;section&#8221; _builder_version=&#8221;4.16&#8243; global_colors_info=&#8221;{}&#8221;][et_pb_row admin_label=&#8221;row&#8221; _builder_version=&#8221;4.16&#8243; background_size=&#8221;initial&#8221; background_position=&#8221;top_left&#8221; background_repeat=&#8221;repeat&#8221; global_colors_info=&#8221;{}&#8221;][et_pb_column type=&#8221;4_4&#8243; _builder_version=&#8221;4.16&#8243; custom_padding=&#8221;|||&#8221; global_colors_info=&#8221;{}&#8221; custom_padding__hover=&#8221;|||&#8221;][et_pb_text _builder_version=&#8221;4.27.4&#8243; border_style=&#8221;solid&#8221; global_colors_info=&#8221;{}&#8221;]<\/p>\n<h1 style=\"text-align: center;\"><strong>Legal notice<\/strong><\/h1>\n<p><\/p>\n<address>\n<h3 style=\"text-align: center;\"><strong>TextingHouse<\/strong><\/h3>\n<p style=\"text-align: center;\"><a href=\"mailto:info@textinghouse.com\">info\u00a0&#8211; at &#8211; textinghouse.com<br \/><\/a>Phone : +33186952758<br \/>6 rue des Salines<br \/>97427 Etang-Sal\u00e9 les Bains &#8211; R\u00e9union &#8211; FRANCE<\/p>\n<\/address>\n<p><\/p>\n<p>&nbsp;<\/p>\n<p><\/p>\n<ul>\n<li>SARL with a share capital of \u20ac8,000, registered with the Trade and Companies Register (RCS) under number 45297126000040<\/li>\n<li>Publication Director: Paul Prugni\u00e8res<\/li>\n<li>Website host: The site is hosted by OVH, a French company<\/li>\n<\/ul>\n<p><\/p>\n<p>&nbsp;<\/p>\n<p><\/p>\n<p style=\"text-align: center;\"><a href=\"..\/cgv-cgu\/\">Terms and Conditions of Sale and Use of TextingHouse services<\/a><\/p>\n<p>[\/et_pb_text][et_pb_button button_url=&#8221;https:\/\/www.textinghouse.com\/en\/contact\/&#8221; button_text=&#8221;Contact us&#8221; button_alignment=&#8221;center&#8221; _builder_version=&#8221;4.16&#8243; global_colors_info=&#8221;{}&#8221; button_text_size__hover_enabled=&#8221;off&#8221; button_one_text_size__hover_enabled=&#8221;off&#8221; button_two_text_size__hover_enabled=&#8221;off&#8221; button_text_color__hover_enabled=&#8221;off&#8221; button_one_text_color__hover_enabled=&#8221;off&#8221; button_two_text_color__hover_enabled=&#8221;off&#8221; button_border_width__hover_enabled=&#8221;off&#8221; button_one_border_width__hover_enabled=&#8221;off&#8221; button_two_border_width__hover_enabled=&#8221;off&#8221; button_border_color__hover_enabled=&#8221;off&#8221; button_one_border_color__hover_enabled=&#8221;off&#8221; button_two_border_color__hover_enabled=&#8221;off&#8221; button_border_radius__hover_enabled=&#8221;off&#8221; button_one_border_radius__hover_enabled=&#8221;off&#8221; button_two_border_radius__hover_enabled=&#8221;off&#8221; button_letter_spacing__hover_enabled=&#8221;off&#8221; button_one_letter_spacing__hover_enabled=&#8221;off&#8221; button_two_letter_spacing__hover_enabled=&#8221;off&#8221; button_bg_color__hover_enabled=&#8221;off&#8221; button_one_bg_color__hover_enabled=&#8221;off&#8221; button_two_bg_color__hover_enabled=&#8221;off&#8221;][\/et_pb_button][\/et_pb_column][\/et_pb_row][\/et_pb_section]<\/p>\n","protected":false},"excerpt":{"rendered":"<p>Legal notice TextingHouse info\u00a0&#8211; at &#8211; textinghouse.comPhone : +331869527586 rue des Salines97427 Etang-Sal\u00e9 les Bains &#8211; R\u00e9union &#8211; FRANCE &nbsp; SARL with a share capital of \u20ac8,000, registered with the Trade and Companies Register (RCS) under number 45297126000040 Publication Director: Paul Prugni\u00e8res Website host: The site is hosted by OVH, a French company &nbsp;Terms and [&hellip;]<\/p>\n","protected":false},"author":1,"featured_media":216041,"parent":0,"menu_order":0,"comment_status":"closed","ping_status":"closed","template":"","meta":{"_et_pb_use_builder":"on","_et_pb_old_content":"","_et_gb_content_width":"","footnotes":""},"class_list":["post-210259","page","type-page","status-publish","has-post-thumbnail","hentry"],"yoast_head":"<!-- This site is optimized with the Yoast SEO plugin v27.3 - https:\/\/yoast.com\/product\/yoast-seo-wordpress\/ -->\n<title>Legal notice of TextingHouse website : SMS Pro solution.<\/title>\n<meta name=\"description\" content=\"Find here the TextingHouse SMS Pro solution legal notice.\" \/>\n<meta name=\"robots\" content=\"index, nofollow, max-snippet:-1, max-image-preview:large, max-video-preview:-1\" \/>\n<link rel=\"canonical\" href=\"https:\/\/www.textinghouse.com\/en\/legal-notice\/\" \/>\n<meta property=\"og:locale\" content=\"en_US\" \/>\n<meta property=\"og:type\" content=\"article\" \/>\n<meta property=\"og:title\" content=\"Legal notice of TextingHouse website : SMS Pro solution.\" \/>\n<meta property=\"og:description\" content=\"Find here the TextingHouse SMS Pro solution legal notice.\" \/>\n<meta property=\"og:url\" content=\"https:\/\/www.textinghouse.com\/en\/legal-notice\/\" \/>\n<meta property=\"og:site_name\" content=\"TextingHouse SMS pro\" \/>\n<meta property=\"article:publisher\" content=\"https:\/\/www.facebook.com\/TextingHouse\" \/>\n<meta property=\"article:modified_time\" content=\"2026-02-10T12:01:17+00:00\" \/>\n<meta property=\"og:image\" content=\"https:\/\/www.textinghouse.com\/wp-content\/uploads\/2020\/06\/image_presentation_1.jpg\" \/>\n\t<meta property=\"og:image:width\" content=\"1333\" \/>\n\t<meta property=\"og:image:height\" content=\"759\" \/>\n\t<meta property=\"og:image:type\" content=\"image\/jpeg\" \/>\n<meta name=\"twitter:card\" content=\"summary_large_image\" \/>\n<meta name=\"twitter:site\" content=\"@TextingHouse\" \/>\n<meta name=\"twitter:label1\" content=\"Est. reading time\" \/>\n\t<meta name=\"twitter:data1\" content=\"2 minutes\" \/>\n<script type=\"application\/ld+json\" class=\"yoast-schema-graph\">{\"@context\":\"https:\\\/\\\/schema.org\",\"@graph\":[{\"@type\":\"WebPage\",\"@id\":\"https:\\\/\\\/www.textinghouse.com\\\/en\\\/legal-notice\\\/\",\"url\":\"https:\\\/\\\/www.textinghouse.com\\\/en\\\/legal-notice\\\/\",\"name\":\"Legal notice of TextingHouse website : SMS Pro solution.\",\"isPartOf\":{\"@id\":\"https:\\\/\\\/www.textinghouse.com\\\/en\\\/#website\"},\"primaryImageOfPage\":{\"@id\":\"https:\\\/\\\/www.textinghouse.com\\\/en\\\/legal-notice\\\/#primaryimage\"},\"image\":{\"@id\":\"https:\\\/\\\/www.textinghouse.com\\\/en\\\/legal-notice\\\/#primaryimage\"},\"thumbnailUrl\":\"https:\\\/\\\/www.textinghouse.com\\\/wp-content\\\/uploads\\\/2020\\\/06\\\/image_presentation_1.jpg\",\"datePublished\":\"2019-02-19T10:50:20+00:00\",\"dateModified\":\"2026-02-10T12:01:17+00:00\",\"description\":\"Find here the TextingHouse SMS Pro solution legal notice.\",\"breadcrumb\":{\"@id\":\"https:\\\/\\\/www.textinghouse.com\\\/en\\\/legal-notice\\\/#breadcrumb\"},\"inLanguage\":\"en-US\",\"potentialAction\":[{\"@type\":\"ReadAction\",\"target\":[\"https:\\\/\\\/www.textinghouse.com\\\/en\\\/legal-notice\\\/\"]}]},{\"@type\":\"ImageObject\",\"inLanguage\":\"en-US\",\"@id\":\"https:\\\/\\\/www.textinghouse.com\\\/en\\\/legal-notice\\\/#primaryimage\",\"url\":\"https:\\\/\\\/www.textinghouse.com\\\/wp-content\\\/uploads\\\/2020\\\/06\\\/image_presentation_1.jpg\",\"contentUrl\":\"https:\\\/\\\/www.textinghouse.com\\\/wp-content\\\/uploads\\\/2020\\\/06\\\/image_presentation_1.jpg\",\"width\":1333,\"height\":759,\"caption\":\"TextingHouse - Send PRO SMS\"},{\"@type\":\"BreadcrumbList\",\"@id\":\"https:\\\/\\\/www.textinghouse.com\\\/en\\\/legal-notice\\\/#breadcrumb\",\"itemListElement\":[{\"@type\":\"ListItem\",\"position\":1,\"name\":\"Accueil\",\"item\":\"https:\\\/\\\/www.textinghouse.com\\\/en\\\/sending-pro-sms-via-web-browser-extension-textinghouse\\\/\"},{\"@type\":\"ListItem\",\"position\":2,\"name\":\"Legal notice\"}]},{\"@type\":\"WebSite\",\"@id\":\"https:\\\/\\\/www.textinghouse.com\\\/en\\\/#website\",\"url\":\"https:\\\/\\\/www.textinghouse.com\\\/en\\\/\",\"name\":\"TextingHouse SMS pro\",\"description\":\"L&#039;int\u00e9gration du SMS \u00e0 vos applications m\u00e9tier\",\"publisher\":{\"@id\":\"https:\\\/\\\/www.textinghouse.com\\\/en\\\/#organization\"},\"potentialAction\":[{\"@type\":\"SearchAction\",\"target\":{\"@type\":\"EntryPoint\",\"urlTemplate\":\"https:\\\/\\\/www.textinghouse.com\\\/en\\\/?s={search_term_string}\"},\"query-input\":{\"@type\":\"PropertyValueSpecification\",\"valueRequired\":true,\"valueName\":\"search_term_string\"}}],\"inLanguage\":\"en-US\"},{\"@type\":\"Organization\",\"@id\":\"https:\\\/\\\/www.textinghouse.com\\\/en\\\/#organization\",\"name\":\"TextingHouse\",\"url\":\"https:\\\/\\\/www.textinghouse.com\\\/en\\\/\",\"logo\":{\"@type\":\"ImageObject\",\"inLanguage\":\"en-US\",\"@id\":\"https:\\\/\\\/www.textinghouse.com\\\/en\\\/#\\\/schema\\\/logo\\\/image\\\/\",\"url\":\"https:\\\/\\\/www.textinghouse.com\\\/wp-content\\\/uploads\\\/2017\\\/05\\\/cropped-TextingHouse_logo_800.png\",\"contentUrl\":\"https:\\\/\\\/www.textinghouse.com\\\/wp-content\\\/uploads\\\/2017\\\/05\\\/cropped-TextingHouse_logo_800.png\",\"width\":512,\"height\":512,\"caption\":\"TextingHouse\"},\"image\":{\"@id\":\"https:\\\/\\\/www.textinghouse.com\\\/en\\\/#\\\/schema\\\/logo\\\/image\\\/\"},\"sameAs\":[\"https:\\\/\\\/www.facebook.com\\\/TextingHouse\",\"https:\\\/\\\/x.com\\\/TextingHouse\",\"https:\\\/\\\/www.linkedin.com\\\/company\\\/textinghouse\",\"https:\\\/\\\/www.youtube.com\\\/channel\\\/UC9PEMl25tu5mNeTNeJXK5bA\"]}]}<\/script>\n<!-- \/ Yoast SEO plugin. -->","yoast_head_json":{"title":"Legal notice of TextingHouse website : SMS Pro solution.","description":"Find here the TextingHouse SMS Pro solution legal notice.","robots":{"index":"index","follow":"nofollow","max-snippet":"max-snippet:-1","max-image-preview":"max-image-preview:large","max-video-preview":"max-video-preview:-1"},"canonical":"https:\/\/www.textinghouse.com\/en\/legal-notice\/","og_locale":"en_US","og_type":"article","og_title":"Legal notice of TextingHouse website : SMS Pro solution.","og_description":"Find here the TextingHouse SMS Pro solution legal notice.","og_url":"https:\/\/www.textinghouse.com\/en\/legal-notice\/","og_site_name":"TextingHouse SMS pro","article_publisher":"https:\/\/www.facebook.com\/TextingHouse","article_modified_time":"2026-02-10T12:01:17+00:00","og_image":[{"width":1333,"height":759,"url":"https:\/\/www.textinghouse.com\/wp-content\/uploads\/2020\/06\/image_presentation_1.jpg","type":"image\/jpeg"}],"twitter_card":"summary_large_image","twitter_site":"@TextingHouse","twitter_misc":{"Est. reading time":"2 minutes"},"schema":{"@context":"https:\/\/schema.org","@graph":[{"@type":"WebPage","@id":"https:\/\/www.textinghouse.com\/en\/legal-notice\/","url":"https:\/\/www.textinghouse.com\/en\/legal-notice\/","name":"Legal notice of TextingHouse website : SMS Pro solution.","isPartOf":{"@id":"https:\/\/www.textinghouse.com\/en\/#website"},"primaryImageOfPage":{"@id":"https:\/\/www.textinghouse.com\/en\/legal-notice\/#primaryimage"},"image":{"@id":"https:\/\/www.textinghouse.com\/en\/legal-notice\/#primaryimage"},"thumbnailUrl":"https:\/\/www.textinghouse.com\/wp-content\/uploads\/2020\/06\/image_presentation_1.jpg","datePublished":"2019-02-19T10:50:20+00:00","dateModified":"2026-02-10T12:01:17+00:00","description":"Find here the TextingHouse SMS Pro solution legal notice.","breadcrumb":{"@id":"https:\/\/www.textinghouse.com\/en\/legal-notice\/#breadcrumb"},"inLanguage":"en-US","potentialAction":[{"@type":"ReadAction","target":["https:\/\/www.textinghouse.com\/en\/legal-notice\/"]}]},{"@type":"ImageObject","inLanguage":"en-US","@id":"https:\/\/www.textinghouse.com\/en\/legal-notice\/#primaryimage","url":"https:\/\/www.textinghouse.com\/wp-content\/uploads\/2020\/06\/image_presentation_1.jpg","contentUrl":"https:\/\/www.textinghouse.com\/wp-content\/uploads\/2020\/06\/image_presentation_1.jpg","width":1333,"height":759,"caption":"TextingHouse - Send PRO SMS"},{"@type":"BreadcrumbList","@id":"https:\/\/www.textinghouse.com\/en\/legal-notice\/#breadcrumb","itemListElement":[{"@type":"ListItem","position":1,"name":"Accueil","item":"https:\/\/www.textinghouse.com\/en\/sending-pro-sms-via-web-browser-extension-textinghouse\/"},{"@type":"ListItem","position":2,"name":"Legal notice"}]},{"@type":"WebSite","@id":"https:\/\/www.textinghouse.com\/en\/#website","url":"https:\/\/www.textinghouse.com\/en\/","name":"TextingHouse SMS pro","description":"L&#039;int\u00e9gration du SMS \u00e0 vos applications m\u00e9tier","publisher":{"@id":"https:\/\/www.textinghouse.com\/en\/#organization"},"potentialAction":[{"@type":"SearchAction","target":{"@type":"EntryPoint","urlTemplate":"https:\/\/www.textinghouse.com\/en\/?s={search_term_string}"},"query-input":{"@type":"PropertyValueSpecification","valueRequired":true,"valueName":"search_term_string"}}],"inLanguage":"en-US"},{"@type":"Organization","@id":"https:\/\/www.textinghouse.com\/en\/#organization","name":"TextingHouse","url":"https:\/\/www.textinghouse.com\/en\/","logo":{"@type":"ImageObject","inLanguage":"en-US","@id":"https:\/\/www.textinghouse.com\/en\/#\/schema\/logo\/image\/","url":"https:\/\/www.textinghouse.com\/wp-content\/uploads\/2017\/05\/cropped-TextingHouse_logo_800.png","contentUrl":"https:\/\/www.textinghouse.com\/wp-content\/uploads\/2017\/05\/cropped-TextingHouse_logo_800.png","width":512,"height":512,"caption":"TextingHouse"},"image":{"@id":"https:\/\/www.textinghouse.com\/en\/#\/schema\/logo\/image\/"},"sameAs":["https:\/\/www.facebook.com\/TextingHouse","https:\/\/x.com\/TextingHouse","https:\/\/www.linkedin.com\/company\/textinghouse","https:\/\/www.youtube.com\/channel\/UC9PEMl25tu5mNeTNeJXK5bA"]}]}},"_links":{"self":[{"href":"https:\/\/www.textinghouse.com\/en\/wp-json\/wp\/v2\/pages\/210259","targetHints":{"allow":["GET"]}}],"collection":[{"href":"https:\/\/www.textinghouse.com\/en\/wp-json\/wp\/v2\/pages"}],"about":[{"href":"https:\/\/www.textinghouse.com\/en\/wp-json\/wp\/v2\/types\/page"}],"author":[{"embeddable":true,"href":"https:\/\/www.textinghouse.com\/en\/wp-json\/wp\/v2\/users\/1"}],"replies":[{"embeddable":true,"href":"https:\/\/www.textinghouse.com\/en\/wp-json\/wp\/v2\/comments?post=210259"}],"version-history":[{"count":0,"href":"https:\/\/www.textinghouse.com\/en\/wp-json\/wp\/v2\/pages\/210259\/revisions"}],"wp:featuredmedia":[{"embeddable":true,"href":"https:\/\/www.textinghouse.com\/en\/wp-json\/wp\/v2\/media\/216041"}],"wp:attachment":[{"href":"https:\/\/www.textinghouse.com\/en\/wp-json\/wp\/v2\/media?parent=210259"}],"curies":[{"name":"wp","href":"https:\/\/api.w.org\/{rel}","templated":true}]}}