{"id":211939,"date":"2020-07-30T13:37:48","date_gmt":"2020-07-30T11:37:48","guid":{"rendered":"http:\/\/sycszpz.cluster100.hosting.ovh.net\/send-sms-with-hubspot\/setup-guide\/"},"modified":"2025-01-27T14:38:44","modified_gmt":"2025-01-27T13:38:44","slug":"setup-guide","status":"publish","type":"page","link":"https:\/\/www.textinghouse.com\/en\/send-sms-with-hubspot\/setup-guide\/","title":{"rendered":"Setup guide for HubSpot"},"content":{"rendered":"<p>[et_pb_section fb_built=&#8221;1&#8243; inner_shadow=&#8221;on&#8221; custom_padding_last_edited=&#8221;on|phone&#8221; _builder_version=&#8221;4.16&#8243; background_image=&#8221;https:\/\/www.textinghouse.com\/wp-content\/uploads\/2017\/11\/bg_api_sms.jpg&#8221; background_position=&#8221;top_left&#8221; custom_padding=&#8221;0px||29px||false|false&#8221; custom_padding_tablet=&#8221;&#8221; custom_padding_phone=&#8221;||30px|&#8221; locked=&#8221;off&#8221; global_colors_info=&#8221;{}&#8221;][et_pb_row custom_padding_last_edited=&#8221;on|phone&#8221; _builder_version=&#8221;4.16&#8243; background_size=&#8221;initial&#8221; background_position=&#8221;top_left&#8221; background_repeat=&#8221;repeat&#8221; custom_padding=&#8221;50px|0px|0px|0px&#8221; custom_padding_tablet=&#8221;&#8221; custom_padding_phone=&#8221;0px|||&#8221; global_colors_info=&#8221;{}&#8221;][et_pb_column type=&#8221;4_4&#8243; _builder_version=&#8221;4.16&#8243; custom_padding=&#8221;|||&#8221; global_colors_info=&#8221;{}&#8221; custom_padding__hover=&#8221;|||&#8221;][et_pb_text _builder_version=&#8221;4.16&#8243; global_colors_info=&#8221;{}&#8221;]<\/p>\n<h1 style=\"text-align: center;\"><span style=\"color: #ffffff;\">TextingHouse setup guide for HubSpot<\/span><\/h1>\n<p>[\/et_pb_text][\/et_pb_column][\/et_pb_row][\/et_pb_section][et_pb_section fb_built=&#8221;1&#8243; _builder_version=&#8221;4.16&#8243; global_colors_info=&#8221;{}&#8221;][et_pb_row _builder_version=&#8221;4.16&#8243; global_colors_info=&#8221;{}&#8221;][et_pb_column type=&#8221;4_4&#8243; _builder_version=&#8221;4.16&#8243; global_colors_info=&#8221;{}&#8221;][et_pb_text _builder_version=&#8221;4.16&#8243; text_font_size=&#8221;20px&#8221; global_colors_info=&#8221;{}&#8221;]<\/p>\n<p><strong>Note<\/strong>: Before installing TextingHouse for HubSpot, you must have created a <a href=\"https:\/\/www.hubspot.com\/products\/get-started\" title=\"Create my HubSpot account\" target=\"_blank\" rel=\"noopener noreferrer nofollow\">HubSpot account<\/a>.<\/p>\n<p>[\/et_pb_text][\/et_pb_column][\/et_pb_row][et_pb_row _builder_version=&#8221;4.16&#8243; global_colors_info=&#8221;{}&#8221;][et_pb_column type=&#8221;4_4&#8243; _builder_version=&#8221;4.16&#8243; global_colors_info=&#8221;{}&#8221;][et_pb_divider divider_weight=&#8221;2px&#8221; _builder_version=&#8221;4.16&#8243; global_colors_info=&#8221;{}&#8221;][\/et_pb_divider][\/et_pb_column][\/et_pb_row][et_pb_row column_structure=&#8221;3_5,2_5&#8243; _builder_version=&#8221;4.16&#8243; global_colors_info=&#8221;{}&#8221;][et_pb_column type=&#8221;3_5&#8243; _builder_version=&#8221;4.16&#8243; global_colors_info=&#8221;{}&#8221;][et_pb_image src=&#8221;https:\/\/www.textinghouse.com\/wp-content\/uploads\/2023\/03\/hubspot_creation_account_TH-API_SMS.png&#8221; alt=&#8221;TextingHouse SMS account creation page for HubSpot&#8221; title_text=&#8221;Create a TextingHouse SMS pro account for HubSpot&#8221; show_in_lightbox=&#8221;on&#8221; _builder_version=&#8221;4.20.2&#8243; _module_preset=&#8221;default&#8221; global_colors_info=&#8221;{}&#8221;][\/et_pb_image][\/et_pb_column][et_pb_column type=&#8221;2_5&#8243; _builder_version=&#8221;4.16&#8243; global_colors_info=&#8221;{}&#8221;][et_pb_text _builder_version=&#8221;4.16&#8243; global_colors_info=&#8221;{}&#8221;]<\/p>\n<p>Go to <a href=\"https:\/\/api.textinghouse.com\/login?h=1\" rel=\"nofollow\">Sign up for HubSpot<\/a> to <strong>create your TextingHouse account<\/strong>.<\/p>\n<p>Fill the required fields and click on &#8220;Create an account&#8221;.<\/p>\n<p>&nbsp;<\/p>\n<p>&nbsp;<\/p>\n<p>[\/et_pb_text][\/et_pb_column][\/et_pb_row][et_pb_row _builder_version=&#8221;4.16&#8243; global_colors_info=&#8221;{}&#8221;][et_pb_column type=&#8221;4_4&#8243; _builder_version=&#8221;4.16&#8243; global_colors_info=&#8221;{}&#8221;][et_pb_divider divider_weight=&#8221;2px&#8221; _builder_version=&#8221;4.16&#8243; global_colors_info=&#8221;{}&#8221;][\/et_pb_divider][\/et_pb_column][\/et_pb_row][et_pb_row column_structure=&#8221;2_5,3_5&#8243; _builder_version=&#8221;4.16&#8243; global_colors_info=&#8221;{}&#8221;][et_pb_column type=&#8221;2_5&#8243; _builder_version=&#8221;4.16&#8243; global_colors_info=&#8221;{}&#8221;][et_pb_text _builder_version=&#8221;4.16&#8243; global_colors_info=&#8221;{}&#8221;]<\/p>\n<p><strong>Confirm your email address<\/strong> by clicking on the button of the received email.<\/p>\n<p>[\/et_pb_text][\/et_pb_column][et_pb_column type=&#8221;3_5&#8243; _builder_version=&#8221;4.16&#8243; global_colors_info=&#8221;{}&#8221;][et_pb_image src=&#8221;https:\/\/www.textinghouse.com\/wp-content\/uploads\/2023\/03\/hubspot_email_confirmation_account_creation.png&#8221; alt=&#8221;Confirm your email to use TextingHouse SMS for HubSpot&#8221; title_text=&#8221;TextingHouse account creation confirmation email&#8221; _builder_version=&#8221;4.20.2&#8243; locked=&#8221;off&#8221; global_colors_info=&#8221;{}&#8221;][\/et_pb_image][\/et_pb_column][\/et_pb_row][et_pb_row _builder_version=&#8221;4.16&#8243; global_colors_info=&#8221;{}&#8221;][et_pb_column type=&#8221;4_4&#8243; _builder_version=&#8221;4.16&#8243; global_colors_info=&#8221;{}&#8221;][et_pb_divider divider_weight=&#8221;2px&#8221; _builder_version=&#8221;4.16&#8243; global_colors_info=&#8221;{}&#8221;][\/et_pb_divider][\/et_pb_column][\/et_pb_row][et_pb_row column_structure=&#8221;3_5,2_5&#8243; _builder_version=&#8221;4.16&#8243; global_colors_info=&#8221;{}&#8221;][et_pb_column type=&#8221;3_5&#8243; _builder_version=&#8221;4.16&#8243; global_colors_info=&#8221;{}&#8221;][et_pb_image src=&#8221;https:\/\/www.textinghouse.com\/wp-content\/uploads\/2023\/03\/hubspot_connection_TH-API_SMS-1.png&#8221; alt=&#8221;TextingHouse API login interface for HubSpot&#8221; title_text=&#8221;Connecting to TextingHouse SMS API for HubSpot&#8221; show_in_lightbox=&#8221;on&#8221; _builder_version=&#8221;4.20.2&#8243; locked=&#8221;off&#8221; global_colors_info=&#8221;{}&#8221;][\/et_pb_image][\/et_pb_column][et_pb_column type=&#8221;2_5&#8243; _builder_version=&#8221;4.16&#8243; global_colors_info=&#8221;{}&#8221;][et_pb_text _builder_version=&#8221;4.16&#8243; global_colors_info=&#8221;{}&#8221;]<\/p>\n<p><strong>Log into<\/strong> <a href=\"https:\/\/api.textinghouse.com\/login?h=1&amp;c=1\" rel=\"nofollow\">TextingHouse for HubSpot<\/a> with your previously created credentials.<\/p>\n<p>[\/et_pb_text][\/et_pb_column][\/et_pb_row][et_pb_row _builder_version=&#8221;4.16&#8243; global_colors_info=&#8221;{}&#8221;][et_pb_column type=&#8221;4_4&#8243; _builder_version=&#8221;4.16&#8243; global_colors_info=&#8221;{}&#8221;][et_pb_divider divider_weight=&#8221;2px&#8221; _builder_version=&#8221;4.16&#8243; global_colors_info=&#8221;{}&#8221;][\/et_pb_divider][\/et_pb_column][\/et_pb_row][et_pb_row column_structure=&#8221;2_5,3_5&#8243; _builder_version=&#8221;4.16&#8243; module_alignment=&#8221;center&#8221; global_colors_info=&#8221;{}&#8221;][et_pb_column type=&#8221;2_5&#8243; _builder_version=&#8221;4.16&#8243; global_colors_info=&#8221;{}&#8221;][et_pb_text _builder_version=&#8221;4.16&#8243; global_colors_info=&#8221;{}&#8221;]<\/p>\n<p>Once logged into TextingHouse, go to <a href=\"https:\/\/api.textinghouse.com\/hubspot\" rel=\"nofollow\">HubSpot page<\/a> to <strong>link your TextingHouse account with HubSpot<\/strong>. To do this, click on the &#8220;Connect my account with HubSpot&#8221; button.<\/p>\n<p>[\/et_pb_text][\/et_pb_column][et_pb_column type=&#8221;3_5&#8243; _builder_version=&#8221;4.16&#8243; global_colors_info=&#8221;{}&#8221;][et_pb_image src=&#8221;https:\/\/www.textinghouse.com\/wp-content\/uploads\/2023\/03\/hubspot_link_account_TextingHouse.png&#8221; alt=&#8221;HubSpot and TextingHouse SMS account linking page&#8221; title_text=&#8221;Linking TextingHouse SMS account with HubSpot&#8221; show_in_lightbox=&#8221;on&#8221; _builder_version=&#8221;4.20.2&#8243; locked=&#8221;off&#8221; global_colors_info=&#8221;{}&#8221;][\/et_pb_image][\/et_pb_column][\/et_pb_row][et_pb_row _builder_version=&#8221;4.16&#8243; global_colors_info=&#8221;{}&#8221;][et_pb_column type=&#8221;4_4&#8243; _builder_version=&#8221;4.16&#8243; global_colors_info=&#8221;{}&#8221;][et_pb_divider divider_weight=&#8221;2px&#8221; _builder_version=&#8221;4.16&#8243; global_colors_info=&#8221;{}&#8221;][\/et_pb_divider][\/et_pb_column][\/et_pb_row][et_pb_row column_structure=&#8221;3_5,2_5&#8243; module_id=&#8221;autorisation&#8221; _builder_version=&#8221;4.20.4&#8243; module_alignment=&#8221;center&#8221; custom_margin=&#8221;|424px||auto||&#8221; custom_padding=&#8221;||23px|||&#8221; global_colors_info=&#8221;{}&#8221;][et_pb_column type=&#8221;3_5&#8243; _builder_version=&#8221;4.16&#8243; global_colors_info=&#8221;{}&#8221;][et_pb_image src=&#8221;https:\/\/www.textinghouse.com\/wp-content\/uploads\/2023\/03\/hubspot_connection_TextingHouse_SMS_pro.png&#8221; alt=&#8221;HubSpot Connection Page with TextingHouse SMS&#8221; title_text=&#8221;Connecting and accessing HubSpot to TextingHouse SMS&#8221; show_in_lightbox=&#8221;on&#8221; _builder_version=&#8221;4.20.2&#8243; locked=&#8221;off&#8221; global_colors_info=&#8221;{}&#8221;][\/et_pb_image][\/et_pb_column][et_pb_column type=&#8221;2_5&#8243; _builder_version=&#8221;4.16&#8243; global_colors_info=&#8221;{}&#8221;][et_pb_text _builder_version=&#8221;4.20.2&#8243; custom_padding=&#8221;||0px|||&#8221; global_colors_info=&#8221;{}&#8221;]<\/p>\n<p>Now log into your HubSpot account and <strong>accept the necessary permissions for TextingHouse to work with HubSpot<\/strong>.<\/p>\n<p>&nbsp;<\/p>\n<p>TextingHouse requires the following permissions:<\/p>\n<ul>\n<li><strong>Manage and view your CRM data<\/strong> (deals, companies et contacts) et <strong>Tickets<\/strong>:<br \/>No information is kept by TextingHouse. This authorization is however necessary to allow you to send an SMS from a CRM card and to read the mobile phone number when sending the SMS.<\/li>\n<li><strong>Workflows<\/strong>:<br \/>Allows you to use the Send SMS action in your workflows.<\/li>\n<li><strong>Create timeline events<\/strong>:<br \/>To be able to register sent SMS on the timelines<\/li>\n<li><strong>Basic OAuth functionality<\/strong>:<br \/>To be able to identify your HubSpot account and link it to your TextingHouse account.<\/li>\n<\/ul>\n<p>[\/et_pb_text][\/et_pb_column][\/et_pb_row][et_pb_row _builder_version=&#8221;4.16&#8243; global_colors_info=&#8221;{}&#8221;][et_pb_column type=&#8221;4_4&#8243; _builder_version=&#8221;4.16&#8243; global_colors_info=&#8221;{}&#8221;][et_pb_divider divider_weight=&#8221;2px&#8221; _builder_version=&#8221;4.16&#8243; global_colors_info=&#8221;{}&#8221;][\/et_pb_divider][\/et_pb_column][\/et_pb_row][et_pb_row column_structure=&#8221;2_5,3_5&#8243; _builder_version=&#8221;4.16&#8243; global_colors_info=&#8221;{}&#8221;][et_pb_column type=&#8221;2_5&#8243; _builder_version=&#8221;4.16&#8243; global_colors_info=&#8221;{}&#8221;][et_pb_text _builder_version=&#8221;4.16&#8243; global_colors_info=&#8221;{}&#8221;]<\/p>\n<p><strong>Perfect!<\/strong> Your TextingHouse account is now linked with your HubSpot account.<\/p>\n<p>To buy SMS credits, go on <a title=\"Buy TextingHouse credits\" href=\"https:\/\/api.textinghouse.com\/buy\" rel=\"nofollow\">Buy TextingHouse credits<\/a>.<\/p>\n<p>Learn more about texting with TextingHouse using HubSpot, consult the <a href=\"https:\/\/www.textinghouse.com\/en\/send-sms-with-hubspot\/support-guide-to-send-sms\/\">User Guide<\/a>.<\/p>\n<p>[\/et_pb_text][\/et_pb_column][et_pb_column type=&#8221;3_5&#8243; _builder_version=&#8221;4.16&#8243; global_colors_info=&#8221;{}&#8221;][et_pb_image src=&#8221;https:\/\/www.textinghouse.com\/wp-content\/uploads\/2023\/03\/hubspot_account_connected_TextingHouse_SMS.png&#8221; alt=&#8221;You are connected to HubSpot to send SMS&#8221; title_text=&#8221;Account connected to TextingHouse to send SMS&#8221; show_in_lightbox=&#8221;on&#8221; _builder_version=&#8221;4.20.2&#8243; locked=&#8221;off&#8221; global_colors_info=&#8221;{}&#8221;][\/et_pb_image][\/et_pb_column][\/et_pb_row][et_pb_row _builder_version=&#8221;4.16&#8243; global_colors_info=&#8221;{}&#8221; column_structure=&#8221;1_2,1_2&#8243;][et_pb_column type=&#8221;1_2&#8243; _builder_version=&#8221;4.16&#8243; global_colors_info=&#8221;{}&#8221;][et_pb_button button_url=&#8221;https:\/\/www.textinghouse.com\/en\/send-sms-with-hubspot\/support-guide-to-send-sms\/&#8221; button_text=&#8221;See TextingHouse User Guide for HubSpot&#8221; button_alignment=&#8221;center&#8221; _builder_version=&#8221;4.16&#8243; global_colors_info=&#8221;{}&#8221;][\/et_pb_button][\/et_pb_column][et_pb_column type=&#8221;1_2&#8243; _builder_version=&#8221;4.16&#8243; global_colors_info=&#8221;{}&#8221;][et_pb_button button_url=&#8221;@ET-DC@eyJkeW5hbWljIjp0cnVlLCJjb250ZW50IjoicG9zdF9saW5rX3VybF9wYWdlIiwic2V0dGluZ3MiOnsicG9zdF9pZCI6IjIxNjg4NSJ9fQ==@&#8221; button_text=&#8221;View FAQs about sending SMS with HubSpot&#8221; button_alignment=&#8221;center&#8221; _builder_version=&#8221;4.27.4&#8243; hover_enabled=&#8221;0&#8243; global_colors_info=&#8221;{}&#8221; sticky_enabled=&#8221;0&#8243; _dynamic_attributes=&#8221;button_url&#8221;][\/et_pb_button][\/et_pb_column][\/et_pb_row][\/et_pb_section]<\/p>\n","protected":false},"excerpt":{"rendered":"<p>TextingHouse setup guide for HubSpotNote: Before installing TextingHouse for HubSpot, you must have created a HubSpot account.Go to Sign up for HubSpot to create your TextingHouse account. Fill the required fields and click on &#8220;Create an account&#8221;. &nbsp; &nbsp;Confirm your email address by clicking on the button of the received email.Log into TextingHouse for HubSpot [&hellip;]<\/p>\n","protected":false},"author":2,"featured_media":0,"parent":211927,"menu_order":0,"comment_status":"closed","ping_status":"closed","template":"","meta":{"_et_pb_use_builder":"on","_et_pb_old_content":"","_et_gb_content_width":"","footnotes":""},"class_list":["post-211939","page","type-page","status-publish","hentry"],"yoast_head":"<!-- This site is optimized with the Yoast SEO plugin v27.3 - https:\/\/yoast.com\/product\/yoast-seo-wordpress\/ -->\n<title>Setup guide for HubSpot - TextingHouse SMS pro<\/title>\n<meta name=\"description\" content=\"Want to integrate SMS media with HubSpot? Nothing easier. Follow this TextingHouse SMS installation guide.\" \/>\n<meta name=\"robots\" content=\"index, follow, max-snippet:-1, max-image-preview:large, max-video-preview:-1\" \/>\n<link rel=\"canonical\" href=\"https:\/\/www.textinghouse.com\/en\/send-sms-with-hubspot\/setup-guide\/\" \/>\n<meta property=\"og:locale\" content=\"en_US\" \/>\n<meta property=\"og:type\" content=\"article\" \/>\n<meta property=\"og:title\" content=\"Setup guide for HubSpot - TextingHouse SMS pro\" \/>\n<meta property=\"og:description\" content=\"Want to integrate SMS media with HubSpot? Nothing easier. Follow this TextingHouse SMS installation guide.\" \/>\n<meta property=\"og:url\" content=\"https:\/\/www.textinghouse.com\/en\/send-sms-with-hubspot\/setup-guide\/\" \/>\n<meta property=\"og:site_name\" content=\"TextingHouse SMS pro\" \/>\n<meta property=\"article:publisher\" content=\"https:\/\/www.facebook.com\/TextingHouse\" \/>\n<meta property=\"article:modified_time\" content=\"2025-01-27T13:38:44+00:00\" \/>\n<meta name=\"twitter:card\" content=\"summary_large_image\" \/>\n<meta name=\"twitter:site\" content=\"@TextingHouse\" \/>\n<meta name=\"twitter:label1\" content=\"Est. reading time\" \/>\n\t<meta name=\"twitter:data1\" content=\"7 minutes\" \/>\n<script type=\"application\/ld+json\" class=\"yoast-schema-graph\">{\"@context\":\"https:\\\/\\\/schema.org\",\"@graph\":[{\"@type\":\"WebPage\",\"@id\":\"https:\\\/\\\/www.textinghouse.com\\\/en\\\/send-sms-with-hubspot\\\/setup-guide\\\/\",\"url\":\"https:\\\/\\\/www.textinghouse.com\\\/en\\\/send-sms-with-hubspot\\\/setup-guide\\\/\",\"name\":\"Setup guide for HubSpot - TextingHouse SMS pro\",\"isPartOf\":{\"@id\":\"https:\\\/\\\/www.textinghouse.com\\\/en\\\/#website\"},\"datePublished\":\"2020-07-30T11:37:48+00:00\",\"dateModified\":\"2025-01-27T13:38:44+00:00\",\"description\":\"Want to integrate SMS media with HubSpot? Nothing easier. Follow this TextingHouse SMS installation guide.\",\"breadcrumb\":{\"@id\":\"https:\\\/\\\/www.textinghouse.com\\\/en\\\/send-sms-with-hubspot\\\/setup-guide\\\/#breadcrumb\"},\"inLanguage\":\"en-US\",\"potentialAction\":[{\"@type\":\"ReadAction\",\"target\":[\"https:\\\/\\\/www.textinghouse.com\\\/en\\\/send-sms-with-hubspot\\\/setup-guide\\\/\"]}]},{\"@type\":\"BreadcrumbList\",\"@id\":\"https:\\\/\\\/www.textinghouse.com\\\/en\\\/send-sms-with-hubspot\\\/setup-guide\\\/#breadcrumb\",\"itemListElement\":[{\"@type\":\"ListItem\",\"position\":1,\"name\":\"Accueil\",\"item\":\"https:\\\/\\\/www.textinghouse.com\\\/en\\\/sending-pro-sms-via-web-browser-extension-textinghouse\\\/\"},{\"@type\":\"ListItem\",\"position\":2,\"name\":\"Send SMS with HubSpot\",\"item\":\"https:\\\/\\\/www.textinghouse.com\\\/en\\\/send-sms-with-hubspot\\\/\"},{\"@type\":\"ListItem\",\"position\":3,\"name\":\"Setup guide for HubSpot\"}]},{\"@type\":\"WebSite\",\"@id\":\"https:\\\/\\\/www.textinghouse.com\\\/en\\\/#website\",\"url\":\"https:\\\/\\\/www.textinghouse.com\\\/en\\\/\",\"name\":\"TextingHouse SMS pro\",\"description\":\"L&#039;int\u00e9gration du SMS \u00e0 vos applications m\u00e9tier\",\"publisher\":{\"@id\":\"https:\\\/\\\/www.textinghouse.com\\\/en\\\/#organization\"},\"potentialAction\":[{\"@type\":\"SearchAction\",\"target\":{\"@type\":\"EntryPoint\",\"urlTemplate\":\"https:\\\/\\\/www.textinghouse.com\\\/en\\\/?s={search_term_string}\"},\"query-input\":{\"@type\":\"PropertyValueSpecification\",\"valueRequired\":true,\"valueName\":\"search_term_string\"}}],\"inLanguage\":\"en-US\"},{\"@type\":\"Organization\",\"@id\":\"https:\\\/\\\/www.textinghouse.com\\\/en\\\/#organization\",\"name\":\"TextingHouse\",\"url\":\"https:\\\/\\\/www.textinghouse.com\\\/en\\\/\",\"logo\":{\"@type\":\"ImageObject\",\"inLanguage\":\"en-US\",\"@id\":\"https:\\\/\\\/www.textinghouse.com\\\/en\\\/#\\\/schema\\\/logo\\\/image\\\/\",\"url\":\"https:\\\/\\\/www.textinghouse.com\\\/wp-content\\\/uploads\\\/2017\\\/05\\\/cropped-TextingHouse_logo_800.png\",\"contentUrl\":\"https:\\\/\\\/www.textinghouse.com\\\/wp-content\\\/uploads\\\/2017\\\/05\\\/cropped-TextingHouse_logo_800.png\",\"width\":512,\"height\":512,\"caption\":\"TextingHouse\"},\"image\":{\"@id\":\"https:\\\/\\\/www.textinghouse.com\\\/en\\\/#\\\/schema\\\/logo\\\/image\\\/\"},\"sameAs\":[\"https:\\\/\\\/www.facebook.com\\\/TextingHouse\",\"https:\\\/\\\/x.com\\\/TextingHouse\",\"https:\\\/\\\/www.linkedin.com\\\/company\\\/textinghouse\",\"https:\\\/\\\/www.youtube.com\\\/channel\\\/UC9PEMl25tu5mNeTNeJXK5bA\"]}]}<\/script>\n<!-- \/ Yoast SEO plugin. -->","yoast_head_json":{"title":"Setup guide for HubSpot - TextingHouse SMS pro","description":"Want to integrate SMS media with HubSpot? Nothing easier. Follow this TextingHouse SMS installation guide.","robots":{"index":"index","follow":"follow","max-snippet":"max-snippet:-1","max-image-preview":"max-image-preview:large","max-video-preview":"max-video-preview:-1"},"canonical":"https:\/\/www.textinghouse.com\/en\/send-sms-with-hubspot\/setup-guide\/","og_locale":"en_US","og_type":"article","og_title":"Setup guide for HubSpot - TextingHouse SMS pro","og_description":"Want to integrate SMS media with HubSpot? Nothing easier. Follow this TextingHouse SMS installation guide.","og_url":"https:\/\/www.textinghouse.com\/en\/send-sms-with-hubspot\/setup-guide\/","og_site_name":"TextingHouse SMS pro","article_publisher":"https:\/\/www.facebook.com\/TextingHouse","article_modified_time":"2025-01-27T13:38:44+00:00","twitter_card":"summary_large_image","twitter_site":"@TextingHouse","twitter_misc":{"Est. reading time":"7 minutes"},"schema":{"@context":"https:\/\/schema.org","@graph":[{"@type":"WebPage","@id":"https:\/\/www.textinghouse.com\/en\/send-sms-with-hubspot\/setup-guide\/","url":"https:\/\/www.textinghouse.com\/en\/send-sms-with-hubspot\/setup-guide\/","name":"Setup guide for HubSpot - TextingHouse SMS pro","isPartOf":{"@id":"https:\/\/www.textinghouse.com\/en\/#website"},"datePublished":"2020-07-30T11:37:48+00:00","dateModified":"2025-01-27T13:38:44+00:00","description":"Want to integrate SMS media with HubSpot? Nothing easier. Follow this TextingHouse SMS installation guide.","breadcrumb":{"@id":"https:\/\/www.textinghouse.com\/en\/send-sms-with-hubspot\/setup-guide\/#breadcrumb"},"inLanguage":"en-US","potentialAction":[{"@type":"ReadAction","target":["https:\/\/www.textinghouse.com\/en\/send-sms-with-hubspot\/setup-guide\/"]}]},{"@type":"BreadcrumbList","@id":"https:\/\/www.textinghouse.com\/en\/send-sms-with-hubspot\/setup-guide\/#breadcrumb","itemListElement":[{"@type":"ListItem","position":1,"name":"Accueil","item":"https:\/\/www.textinghouse.com\/en\/sending-pro-sms-via-web-browser-extension-textinghouse\/"},{"@type":"ListItem","position":2,"name":"Send SMS with HubSpot","item":"https:\/\/www.textinghouse.com\/en\/send-sms-with-hubspot\/"},{"@type":"ListItem","position":3,"name":"Setup guide for HubSpot"}]},{"@type":"WebSite","@id":"https:\/\/www.textinghouse.com\/en\/#website","url":"https:\/\/www.textinghouse.com\/en\/","name":"TextingHouse SMS pro","description":"L&#039;int\u00e9gration du SMS \u00e0 vos applications m\u00e9tier","publisher":{"@id":"https:\/\/www.textinghouse.com\/en\/#organization"},"potentialAction":[{"@type":"SearchAction","target":{"@type":"EntryPoint","urlTemplate":"https:\/\/www.textinghouse.com\/en\/?s={search_term_string}"},"query-input":{"@type":"PropertyValueSpecification","valueRequired":true,"valueName":"search_term_string"}}],"inLanguage":"en-US"},{"@type":"Organization","@id":"https:\/\/www.textinghouse.com\/en\/#organization","name":"TextingHouse","url":"https:\/\/www.textinghouse.com\/en\/","logo":{"@type":"ImageObject","inLanguage":"en-US","@id":"https:\/\/www.textinghouse.com\/en\/#\/schema\/logo\/image\/","url":"https:\/\/www.textinghouse.com\/wp-content\/uploads\/2017\/05\/cropped-TextingHouse_logo_800.png","contentUrl":"https:\/\/www.textinghouse.com\/wp-content\/uploads\/2017\/05\/cropped-TextingHouse_logo_800.png","width":512,"height":512,"caption":"TextingHouse"},"image":{"@id":"https:\/\/www.textinghouse.com\/en\/#\/schema\/logo\/image\/"},"sameAs":["https:\/\/www.facebook.com\/TextingHouse","https:\/\/x.com\/TextingHouse","https:\/\/www.linkedin.com\/company\/textinghouse","https:\/\/www.youtube.com\/channel\/UC9PEMl25tu5mNeTNeJXK5bA"]}]}},"_links":{"self":[{"href":"https:\/\/www.textinghouse.com\/en\/wp-json\/wp\/v2\/pages\/211939","targetHints":{"allow":["GET"]}}],"collection":[{"href":"https:\/\/www.textinghouse.com\/en\/wp-json\/wp\/v2\/pages"}],"about":[{"href":"https:\/\/www.textinghouse.com\/en\/wp-json\/wp\/v2\/types\/page"}],"author":[{"embeddable":true,"href":"https:\/\/www.textinghouse.com\/en\/wp-json\/wp\/v2\/users\/2"}],"replies":[{"embeddable":true,"href":"https:\/\/www.textinghouse.com\/en\/wp-json\/wp\/v2\/comments?post=211939"}],"version-history":[{"count":0,"href":"https:\/\/www.textinghouse.com\/en\/wp-json\/wp\/v2\/pages\/211939\/revisions"}],"up":[{"embeddable":true,"href":"https:\/\/www.textinghouse.com\/en\/wp-json\/wp\/v2\/pages\/211927"}],"wp:attachment":[{"href":"https:\/\/www.textinghouse.com\/en\/wp-json\/wp\/v2\/media?parent=211939"}],"curies":[{"name":"wp","href":"https:\/\/api.w.org\/{rel}","templated":true}]}}