{"id":214357,"date":"2022-06-30T15:23:26","date_gmt":"2022-06-30T13:23:26","guid":{"rendered":"http:\/\/sycszpz.cluster100.hosting.ovh.net\/setup-guide\/"},"modified":"2024-06-24T07:57:34","modified_gmt":"2024-06-24T05:57:34","slug":"setup-guide","status":"publish","type":"page","link":"https:\/\/www.textinghouse.com\/en\/send-sms-with-zapier\/setup-guide\/","title":{"rendered":"Setup guide for Zapier SMS"},"content":{"rendered":"<p>[et_pb_section fb_built=&#8221;1&#8243; inner_shadow=&#8221;on&#8221; custom_padding_last_edited=&#8221;on|phone&#8221; _builder_version=&#8221;4.16&#8243; background_image=&#8221;https:\/\/www.textinghouse.com\/wp-content\/uploads\/2017\/11\/bg_api_sms.jpg&#8221; background_position=&#8221;top_left&#8221; custom_padding=&#8221;0px||29px||false|false&#8221; custom_padding_tablet=&#8221;&#8221; custom_padding_phone=&#8221;||30px|&#8221; locked=&#8221;off&#8221; global_colors_info=&#8221;{}&#8221;][et_pb_row custom_padding_last_edited=&#8221;on|phone&#8221; _builder_version=&#8221;4.16&#8243; background_size=&#8221;initial&#8221; background_position=&#8221;top_left&#8221; background_repeat=&#8221;repeat&#8221; custom_padding=&#8221;50px|0px|0px|0px&#8221; custom_padding_tablet=&#8221;&#8221; custom_padding_phone=&#8221;0px|||&#8221; global_colors_info=&#8221;{}&#8221;][et_pb_column type=&#8221;4_4&#8243; _builder_version=&#8221;4.16&#8243; custom_padding=&#8221;|||&#8221; global_colors_info=&#8221;{}&#8221; custom_padding__hover=&#8221;|||&#8221;][et_pb_text _builder_version=&#8221;4.16&#8243; global_colors_info=&#8221;{}&#8221;]<\/p>\n<h1 style=\"text-align: center;\"><span style=\"color: #ffffff;\">TextingHouse setup guide <\/span><span style=\"color: #ffffff;\">for Zapier<\/span><\/h1>\n<p>[\/et_pb_text][\/et_pb_column][\/et_pb_row][\/et_pb_section][et_pb_section fb_built=&#8221;1&#8243; _builder_version=&#8221;4.16&#8243; locked=&#8221;off&#8221; collapsed=&#8221;off&#8221; global_colors_info=&#8221;{}&#8221;][et_pb_row _builder_version=&#8221;4.16&#8243; global_colors_info=&#8221;{}&#8221;][et_pb_column type=&#8221;4_4&#8243; _builder_version=&#8221;4.16&#8243; global_colors_info=&#8221;{}&#8221;][et_pb_text _builder_version=&#8221;4.17.6&#8243; text_font_size=&#8221;20px&#8221; global_colors_info=&#8221;{}&#8221;]<strong>Note<\/strong>: Before installing TextingHouse for Zapier, you must have created a <a title=\"Create Zapier account\" href=\"https:\/\/zapier.com\/sign-up\" target=\"_blank\" rel=\"noopener noreferrer\">Zapier account<\/a>.[\/et_pb_text][\/et_pb_column][\/et_pb_row][et_pb_row _builder_version=&#8221;4.16&#8243; global_colors_info=&#8221;{}&#8221;][et_pb_column type=&#8221;4_4&#8243; _builder_version=&#8221;4.16&#8243; global_colors_info=&#8221;{}&#8221;][et_pb_divider divider_weight=&#8221;2px&#8221; _builder_version=&#8221;4.16&#8243; global_colors_info=&#8221;{}&#8221;][\/et_pb_divider][\/et_pb_column][\/et_pb_row][et_pb_row column_structure=&#8221;3_5,2_5&#8243; _builder_version=&#8221;4.16&#8243; global_colors_info=&#8221;{}&#8221;][et_pb_column type=&#8221;3_5&#8243; _builder_version=&#8221;4.16&#8243; global_colors_info=&#8221;{}&#8221;][et_pb_image src=&#8221;https:\/\/www.textinghouse.com\/wp-content\/uploads\/2022\/06\/Zapier-sms-creation-compte.jpg&#8221; alt=&#8221;TextingHouse SMS connection to Zapier&#8221; title_text=&#8221;Zapier-sms-create-account&#8221; _builder_version=&#8221;4.17.4&#8243; locked=&#8221;off&#8221; global_colors_info=&#8221;{}&#8221;][\/et_pb_image][\/et_pb_column][et_pb_column type=&#8221;2_5&#8243; _builder_version=&#8221;4.16&#8243; global_colors_info=&#8221;{}&#8221;][et_pb_text _builder_version=&#8221;4.17.4&#8243; global_colors_info=&#8221;{}&#8221;]Go to <a href=\"https:\/\/api.textinghouse.com\/login?z=1\" rel=\"nofollow\">sign up for Zapier<\/a> to <strong>create your TextingHouse account<\/strong>.<\/p>\n<p>Fill the required fields and click on \u201cCreate an account\u201d.<\/p>\n<p>&nbsp;<\/p>\n<p>&nbsp;[\/et_pb_text][\/et_pb_column][\/et_pb_row][et_pb_row _builder_version=&#8221;4.16&#8243; global_colors_info=&#8221;{}&#8221;][et_pb_column type=&#8221;4_4&#8243; _builder_version=&#8221;4.16&#8243; global_colors_info=&#8221;{}&#8221;][et_pb_divider divider_weight=&#8221;2px&#8221; _builder_version=&#8221;4.16&#8243; global_colors_info=&#8221;{}&#8221;][\/et_pb_divider][\/et_pb_column][\/et_pb_row][et_pb_row column_structure=&#8221;2_5,3_5&#8243; _builder_version=&#8221;4.16&#8243; global_colors_info=&#8221;{}&#8221;][et_pb_column type=&#8221;2_5&#8243; _builder_version=&#8221;4.16&#8243; global_colors_info=&#8221;{}&#8221;][et_pb_text _builder_version=&#8221;4.16&#8243; global_colors_info=&#8221;{}&#8221;]<strong>Confirm your email address<\/strong> by clicking on the button of the received email.[\/et_pb_text][\/et_pb_column][et_pb_column type=&#8221;3_5&#8243; _builder_version=&#8221;4.16&#8243; global_colors_info=&#8221;{}&#8221;][et_pb_image src=&#8221;https:\/\/www.textinghouse.com\/wp-content\/uploads\/2023\/03\/hubspot_email_confirmation_account_creation.png&#8221; _builder_version=&#8221;4.16&#8243; locked=&#8221;off&#8221; global_colors_info=&#8221;{}&#8221;][\/et_pb_image][\/et_pb_column][\/et_pb_row][et_pb_row _builder_version=&#8221;4.16&#8243; global_colors_info=&#8221;{}&#8221;][et_pb_column type=&#8221;4_4&#8243; _builder_version=&#8221;4.16&#8243; global_colors_info=&#8221;{}&#8221;][et_pb_divider divider_weight=&#8221;2px&#8221; _builder_version=&#8221;4.16&#8243; global_colors_info=&#8221;{}&#8221;][\/et_pb_divider][\/et_pb_column][\/et_pb_row][et_pb_row column_structure=&#8221;2_5,3_5&#8243; _builder_version=&#8221;4.16&#8243; global_colors_info=&#8221;{}&#8221;][et_pb_column type=&#8221;2_5&#8243; _builder_version=&#8221;4.16&#8243; global_colors_info=&#8221;{}&#8221;][et_pb_image src=&#8221;https:\/\/www.textinghouse.com\/wp-content\/uploads\/2022\/06\/Zapier-sms-connexion-compte.jpg&#8221; alt=&#8221;TextingHouse SMS connection to Zapier&#8221; title_text=&#8221;Zapier-sms-connect-account&#8221; _builder_version=&#8221;4.17.4&#8243; locked=&#8221;off&#8221; global_colors_info=&#8221;{}&#8221;][\/et_pb_image][\/et_pb_column][et_pb_column type=&#8221;3_5&#8243; _builder_version=&#8221;4.16&#8243; global_colors_info=&#8221;{}&#8221;][et_pb_text _builder_version=&#8221;4.17.4&#8243; global_colors_info=&#8221;{}&#8221;]<strong>Log into<\/strong> <a href=\"https:\/\/api.textinghouse.com\/login?z=1&amp;c=1\" rel=\"nofollow\">TextingHouse for Zapier<\/a> with your previously created credentials.[\/et_pb_text][\/et_pb_column][\/et_pb_row][et_pb_row _builder_version=&#8221;4.16&#8243; global_colors_info=&#8221;{}&#8221;][et_pb_column type=&#8221;4_4&#8243; _builder_version=&#8221;4.16&#8243; global_colors_info=&#8221;{}&#8221;][et_pb_divider divider_weight=&#8221;2px&#8221; _builder_version=&#8221;4.16&#8243; global_colors_info=&#8221;{}&#8221;][\/et_pb_divider][\/et_pb_column][\/et_pb_row][et_pb_row column_structure=&#8221;2_5,3_5&#8243; _builder_version=&#8221;4.16&#8243; module_alignment=&#8221;center&#8221; global_colors_info=&#8221;{}&#8221;][et_pb_column type=&#8221;2_5&#8243; _builder_version=&#8221;4.16&#8243; global_colors_info=&#8221;{}&#8221;][et_pb_text _builder_version=&#8221;4.17.4&#8243; global_colors_info=&#8221;{}&#8221;]Once logged into TextingHouse, go to <a href=\"https:\/\/api.textinghouse.com\/param\" rel=\"nofollow\">Options page &gt; API login<\/a> to <strong>see your api credentials<\/strong>.[\/et_pb_text][\/et_pb_column][et_pb_column type=&#8221;3_5&#8243; _builder_version=&#8221;4.16&#8243; global_colors_info=&#8221;{}&#8221;][et_pb_image src=&#8221;https:\/\/www.textinghouse.com\/wp-content\/uploads\/2022\/06\/Zapier-sms-voir-identifiant.jpg&#8221; alt=&#8221;Page showing credentials for TextingHouse with Zapier&#8221; title_text=&#8221;Zapier-sms-see-credentials &#8221; _builder_version=&#8221;4.17.4&#8243; locked=&#8221;off&#8221; global_colors_info=&#8221;{}&#8221;][\/et_pb_image][\/et_pb_column][\/et_pb_row][et_pb_row _builder_version=&#8221;4.16&#8243; global_colors_info=&#8221;{}&#8221;][et_pb_column type=&#8221;4_4&#8243; _builder_version=&#8221;4.16&#8243; global_colors_info=&#8221;{}&#8221;][et_pb_divider divider_weight=&#8221;2px&#8221; _builder_version=&#8221;4.16&#8243; global_colors_info=&#8221;{}&#8221;][\/et_pb_divider][\/et_pb_column][\/et_pb_row][et_pb_row column_structure=&#8221;3_5,2_5&#8243; _builder_version=&#8221;4.16&#8243; module_alignment=&#8221;center&#8221; custom_margin=&#8221;|424px||auto||&#8221; custom_padding=&#8221;||23px|||&#8221; global_colors_info=&#8221;{}&#8221;][et_pb_column type=&#8221;3_5&#8243; _builder_version=&#8221;4.16&#8243; global_colors_info=&#8221;{}&#8221;][et_pb_image src=&#8221;https:\/\/www.textinghouse.com\/wp-content\/uploads\/2022\/06\/Zapier-sms-autoriser-TextingHouse.jpg&#8221; alt=&#8221;TextingHouse SMS Pro Authorization Page with Zapier&#8221; title_text=&#8221;Zapier-sms-authorize-TextingHouse&#8221; _builder_version=&#8221;4.17.4&#8243; locked=&#8221;off&#8221; global_colors_info=&#8221;{}&#8221;][\/et_pb_image][\/et_pb_column][et_pb_column type=&#8221;2_5&#8243; _builder_version=&#8221;4.16&#8243; global_colors_info=&#8221;{}&#8221;][et_pb_text _builder_version=&#8221;4.17.4&#8243; custom_padding=&#8221;||0px|||&#8221; global_colors_info=&#8221;{}&#8221;]The TextingHouse credentials from page &#8216;Options &gt; API login&#8217; will be used to connect TextingHouse account to Zapier:<\/p>\n<ul>\n<li>\u00a0Username: enter TextingHouse parameter &#8216;user&#8217; (often identical to your email address)<\/li>\n<li>Password: enter TextingHouse parameter &#8216;pass&#8217;<\/li>\n<\/ul>\n<p>[\/et_pb_text][\/et_pb_column][\/et_pb_row][et_pb_row _builder_version=&#8221;4.16&#8243; global_colors_info=&#8221;{}&#8221;][et_pb_column type=&#8221;4_4&#8243; _builder_version=&#8221;4.16&#8243; global_colors_info=&#8221;{}&#8221;][et_pb_divider divider_weight=&#8221;2px&#8221; _builder_version=&#8221;4.16&#8243; global_colors_info=&#8221;{}&#8221;][\/et_pb_divider][\/et_pb_column][\/et_pb_row][et_pb_row _builder_version=&#8221;4.16&#8243; global_colors_info=&#8221;{}&#8221;][et_pb_column type=&#8221;4_4&#8243; _builder_version=&#8221;4.16&#8243; global_colors_info=&#8221;{}&#8221;][et_pb_text _builder_version=&#8221;4.16&#8243; global_colors_info=&#8221;{}&#8221;]<strong>Perfect!<\/strong> You can now send SMS with Zapier.<\/p>\n<p>To buy SMS credits, go to the buy credits page.<br \/>\nTo buy SMS credits, go on <a href=\"https:\/\/api.textinghouse.com\/buy\" rel=\"nofollow\">Buy TextingHouse credits<\/a>.[\/et_pb_text][et_pb_text disabled_on=&#8221;on|on|on&#8221; _builder_version=&#8221;4.17.4&#8243; disabled=&#8221;on&#8221; global_colors_info=&#8221;{}&#8221;]Learn more about texting with TextingHouse using Zapier, consult the <a href=\"https:\/\/www.textinghouse.com\/en\/send-sms-with-zapier\/support-guide-to-send-sms\/\">User Guide<\/a>.[\/et_pb_text][\/et_pb_column][\/et_pb_row][et_pb_row disabled_on=&#8221;on|on|on&#8221; _builder_version=&#8221;4.17.4&#8243; disabled=&#8221;on&#8221; global_colors_info=&#8221;{}&#8221;][et_pb_column type=&#8221;4_4&#8243; _builder_version=&#8221;4.16&#8243; global_colors_info=&#8221;{}&#8221;][et_pb_button button_url=&#8221;https:\/\/www.textinghouse.com\/en\/send-sms-with-hubspot\/support-guide-to-send-sms\/&#8221; button_text=&#8221; See TextingHouse User Guide for Zapier&#8221; button_alignment=&#8221;center&#8221; _builder_version=&#8221;4.17.4&#8243; global_colors_info=&#8221;{}&#8221;][\/et_pb_button][\/et_pb_column][\/et_pb_row][et_pb_row _builder_version=&#8221;4.17.6&#8243; _module_preset=&#8221;default&#8221; locked=&#8221;off&#8221; global_colors_info=&#8221;{}&#8221;][et_pb_column type=&#8221;4_4&#8243; _builder_version=&#8221;4.17.6&#8243; _module_preset=&#8221;default&#8221; global_colors_info=&#8221;{}&#8221;][et_pb_code _builder_version=&#8221;4.17.6&#8243; _module_preset=&#8221;default&#8221; global_colors_info=&#8221;{}&#8221;]<zapier-app-directory\n  app=\"sms-pro-textinghouse\"\n  link-target=\"new-tab\"\n  theme=\"light\"\n  introcopy=\"hide\"\n  create-without-template=\"hide\"\n  use-this-zap=\"show\"\n><\/zapier-app-directory>[\/et_pb_code][\/et_pb_column][\/et_pb_row][\/et_pb_section]<\/p>\n","protected":false},"excerpt":{"rendered":"<p>TextingHouse setup guide for ZapierNote: Before installing TextingHouse for Zapier, you must have created a Zapier account.Go to sign up for Zapier to create your TextingHouse account. Fill the required fields and click on \u201cCreate an account\u201d. &nbsp; &nbsp;Confirm your email address by clicking on the button of the received email.Log into TextingHouse for Zapier [&hellip;]<\/p>\n","protected":false},"author":2,"featured_media":0,"parent":214418,"menu_order":0,"comment_status":"closed","ping_status":"closed","template":"","meta":{"_et_pb_use_builder":"on","_et_pb_old_content":"","_et_gb_content_width":"","footnotes":""},"class_list":["post-214357","page","type-page","status-publish","hentry"],"yoast_head":"<!-- This site is optimized with the Yoast SEO plugin v27.3 - https:\/\/yoast.com\/product\/yoast-seo-wordpress\/ -->\n<title>Setup guide for Zapier SMS - TextingHouse SMS pro<\/title>\n<meta name=\"description\" content=\"Do you want to integrate SMS media with Zapier? Nothing easier. Follow this TextingHouse SMS for Zapier installation guide.\" \/>\n<meta name=\"robots\" content=\"index, follow, max-snippet:-1, max-image-preview:large, max-video-preview:-1\" \/>\n<link rel=\"canonical\" href=\"https:\/\/www.textinghouse.com\/en\/send-sms-with-zapier\/setup-guide\/\" \/>\n<meta property=\"og:locale\" content=\"en_US\" \/>\n<meta property=\"og:type\" content=\"article\" \/>\n<meta property=\"og:title\" content=\"Setup guide for Zapier SMS - TextingHouse SMS pro\" \/>\n<meta property=\"og:description\" content=\"Do you want to integrate SMS media with Zapier? Nothing easier. Follow this TextingHouse SMS for Zapier installation guide.\" \/>\n<meta property=\"og:url\" content=\"https:\/\/www.textinghouse.com\/en\/send-sms-with-zapier\/setup-guide\/\" \/>\n<meta property=\"og:site_name\" content=\"TextingHouse SMS pro\" \/>\n<meta property=\"article:publisher\" content=\"https:\/\/www.facebook.com\/TextingHouse\" \/>\n<meta property=\"article:modified_time\" content=\"2024-06-24T05:57:34+00:00\" \/>\n<meta name=\"twitter:card\" content=\"summary_large_image\" \/>\n<meta name=\"twitter:site\" content=\"@TextingHouse\" \/>\n<meta name=\"twitter:label1\" content=\"Est. reading time\" \/>\n\t<meta name=\"twitter:data1\" content=\"6 minutes\" \/>\n<script type=\"application\/ld+json\" class=\"yoast-schema-graph\">{\"@context\":\"https:\\\/\\\/schema.org\",\"@graph\":[{\"@type\":\"WebPage\",\"@id\":\"https:\\\/\\\/www.textinghouse.com\\\/en\\\/send-sms-with-zapier\\\/setup-guide\\\/\",\"url\":\"https:\\\/\\\/www.textinghouse.com\\\/en\\\/send-sms-with-zapier\\\/setup-guide\\\/\",\"name\":\"Setup guide for Zapier SMS - TextingHouse SMS pro\",\"isPartOf\":{\"@id\":\"https:\\\/\\\/www.textinghouse.com\\\/en\\\/#website\"},\"datePublished\":\"2022-06-30T13:23:26+00:00\",\"dateModified\":\"2024-06-24T05:57:34+00:00\",\"description\":\"Do you want to integrate SMS media with Zapier? Nothing easier. Follow this TextingHouse SMS for Zapier installation guide.\",\"breadcrumb\":{\"@id\":\"https:\\\/\\\/www.textinghouse.com\\\/en\\\/send-sms-with-zapier\\\/setup-guide\\\/#breadcrumb\"},\"inLanguage\":\"en-US\",\"potentialAction\":[{\"@type\":\"ReadAction\",\"target\":[\"https:\\\/\\\/www.textinghouse.com\\\/en\\\/send-sms-with-zapier\\\/setup-guide\\\/\"]}]},{\"@type\":\"BreadcrumbList\",\"@id\":\"https:\\\/\\\/www.textinghouse.com\\\/en\\\/send-sms-with-zapier\\\/setup-guide\\\/#breadcrumb\",\"itemListElement\":[{\"@type\":\"ListItem\",\"position\":1,\"name\":\"Accueil\",\"item\":\"https:\\\/\\\/www.textinghouse.com\\\/en\\\/sending-pro-sms-via-web-browser-extension-textinghouse\\\/\"},{\"@type\":\"ListItem\",\"position\":2,\"name\":\"Send SMS with Zapier\",\"item\":\"https:\\\/\\\/www.textinghouse.com\\\/en\\\/send-sms-with-zapier\\\/\"},{\"@type\":\"ListItem\",\"position\":3,\"name\":\"Setup guide for Zapier SMS\"}]},{\"@type\":\"WebSite\",\"@id\":\"https:\\\/\\\/www.textinghouse.com\\\/en\\\/#website\",\"url\":\"https:\\\/\\\/www.textinghouse.com\\\/en\\\/\",\"name\":\"TextingHouse SMS pro\",\"description\":\"L&#039;int\u00e9gration du SMS \u00e0 vos applications m\u00e9tier\",\"publisher\":{\"@id\":\"https:\\\/\\\/www.textinghouse.com\\\/en\\\/#organization\"},\"potentialAction\":[{\"@type\":\"SearchAction\",\"target\":{\"@type\":\"EntryPoint\",\"urlTemplate\":\"https:\\\/\\\/www.textinghouse.com\\\/en\\\/?s={search_term_string}\"},\"query-input\":{\"@type\":\"PropertyValueSpecification\",\"valueRequired\":true,\"valueName\":\"search_term_string\"}}],\"inLanguage\":\"en-US\"},{\"@type\":\"Organization\",\"@id\":\"https:\\\/\\\/www.textinghouse.com\\\/en\\\/#organization\",\"name\":\"TextingHouse\",\"url\":\"https:\\\/\\\/www.textinghouse.com\\\/en\\\/\",\"logo\":{\"@type\":\"ImageObject\",\"inLanguage\":\"en-US\",\"@id\":\"https:\\\/\\\/www.textinghouse.com\\\/en\\\/#\\\/schema\\\/logo\\\/image\\\/\",\"url\":\"https:\\\/\\\/www.textinghouse.com\\\/wp-content\\\/uploads\\\/2017\\\/05\\\/cropped-TextingHouse_logo_800.png\",\"contentUrl\":\"https:\\\/\\\/www.textinghouse.com\\\/wp-content\\\/uploads\\\/2017\\\/05\\\/cropped-TextingHouse_logo_800.png\",\"width\":512,\"height\":512,\"caption\":\"TextingHouse\"},\"image\":{\"@id\":\"https:\\\/\\\/www.textinghouse.com\\\/en\\\/#\\\/schema\\\/logo\\\/image\\\/\"},\"sameAs\":[\"https:\\\/\\\/www.facebook.com\\\/TextingHouse\",\"https:\\\/\\\/x.com\\\/TextingHouse\",\"https:\\\/\\\/www.linkedin.com\\\/company\\\/textinghouse\",\"https:\\\/\\\/www.youtube.com\\\/channel\\\/UC9PEMl25tu5mNeTNeJXK5bA\"]}]}<\/script>\n<!-- \/ Yoast SEO plugin. -->","yoast_head_json":{"title":"Setup guide for Zapier SMS - TextingHouse SMS pro","description":"Do you want to integrate SMS media with Zapier? Nothing easier. Follow this TextingHouse SMS for Zapier installation guide.","robots":{"index":"index","follow":"follow","max-snippet":"max-snippet:-1","max-image-preview":"max-image-preview:large","max-video-preview":"max-video-preview:-1"},"canonical":"https:\/\/www.textinghouse.com\/en\/send-sms-with-zapier\/setup-guide\/","og_locale":"en_US","og_type":"article","og_title":"Setup guide for Zapier SMS - TextingHouse SMS pro","og_description":"Do you want to integrate SMS media with Zapier? Nothing easier. Follow this TextingHouse SMS for Zapier installation guide.","og_url":"https:\/\/www.textinghouse.com\/en\/send-sms-with-zapier\/setup-guide\/","og_site_name":"TextingHouse SMS pro","article_publisher":"https:\/\/www.facebook.com\/TextingHouse","article_modified_time":"2024-06-24T05:57:34+00:00","twitter_card":"summary_large_image","twitter_site":"@TextingHouse","twitter_misc":{"Est. reading time":"6 minutes"},"schema":{"@context":"https:\/\/schema.org","@graph":[{"@type":"WebPage","@id":"https:\/\/www.textinghouse.com\/en\/send-sms-with-zapier\/setup-guide\/","url":"https:\/\/www.textinghouse.com\/en\/send-sms-with-zapier\/setup-guide\/","name":"Setup guide for Zapier SMS - TextingHouse SMS pro","isPartOf":{"@id":"https:\/\/www.textinghouse.com\/en\/#website"},"datePublished":"2022-06-30T13:23:26+00:00","dateModified":"2024-06-24T05:57:34+00:00","description":"Do you want to integrate SMS media with Zapier? Nothing easier. Follow this TextingHouse SMS for Zapier installation guide.","breadcrumb":{"@id":"https:\/\/www.textinghouse.com\/en\/send-sms-with-zapier\/setup-guide\/#breadcrumb"},"inLanguage":"en-US","potentialAction":[{"@type":"ReadAction","target":["https:\/\/www.textinghouse.com\/en\/send-sms-with-zapier\/setup-guide\/"]}]},{"@type":"BreadcrumbList","@id":"https:\/\/www.textinghouse.com\/en\/send-sms-with-zapier\/setup-guide\/#breadcrumb","itemListElement":[{"@type":"ListItem","position":1,"name":"Accueil","item":"https:\/\/www.textinghouse.com\/en\/sending-pro-sms-via-web-browser-extension-textinghouse\/"},{"@type":"ListItem","position":2,"name":"Send SMS with Zapier","item":"https:\/\/www.textinghouse.com\/en\/send-sms-with-zapier\/"},{"@type":"ListItem","position":3,"name":"Setup guide for Zapier SMS"}]},{"@type":"WebSite","@id":"https:\/\/www.textinghouse.com\/en\/#website","url":"https:\/\/www.textinghouse.com\/en\/","name":"TextingHouse SMS pro","description":"L&#039;int\u00e9gration du SMS \u00e0 vos applications m\u00e9tier","publisher":{"@id":"https:\/\/www.textinghouse.com\/en\/#organization"},"potentialAction":[{"@type":"SearchAction","target":{"@type":"EntryPoint","urlTemplate":"https:\/\/www.textinghouse.com\/en\/?s={search_term_string}"},"query-input":{"@type":"PropertyValueSpecification","valueRequired":true,"valueName":"search_term_string"}}],"inLanguage":"en-US"},{"@type":"Organization","@id":"https:\/\/www.textinghouse.com\/en\/#organization","name":"TextingHouse","url":"https:\/\/www.textinghouse.com\/en\/","logo":{"@type":"ImageObject","inLanguage":"en-US","@id":"https:\/\/www.textinghouse.com\/en\/#\/schema\/logo\/image\/","url":"https:\/\/www.textinghouse.com\/wp-content\/uploads\/2017\/05\/cropped-TextingHouse_logo_800.png","contentUrl":"https:\/\/www.textinghouse.com\/wp-content\/uploads\/2017\/05\/cropped-TextingHouse_logo_800.png","width":512,"height":512,"caption":"TextingHouse"},"image":{"@id":"https:\/\/www.textinghouse.com\/en\/#\/schema\/logo\/image\/"},"sameAs":["https:\/\/www.facebook.com\/TextingHouse","https:\/\/x.com\/TextingHouse","https:\/\/www.linkedin.com\/company\/textinghouse","https:\/\/www.youtube.com\/channel\/UC9PEMl25tu5mNeTNeJXK5bA"]}]}},"_links":{"self":[{"href":"https:\/\/www.textinghouse.com\/en\/wp-json\/wp\/v2\/pages\/214357","targetHints":{"allow":["GET"]}}],"collection":[{"href":"https:\/\/www.textinghouse.com\/en\/wp-json\/wp\/v2\/pages"}],"about":[{"href":"https:\/\/www.textinghouse.com\/en\/wp-json\/wp\/v2\/types\/page"}],"author":[{"embeddable":true,"href":"https:\/\/www.textinghouse.com\/en\/wp-json\/wp\/v2\/users\/2"}],"replies":[{"embeddable":true,"href":"https:\/\/www.textinghouse.com\/en\/wp-json\/wp\/v2\/comments?post=214357"}],"version-history":[{"count":0,"href":"https:\/\/www.textinghouse.com\/en\/wp-json\/wp\/v2\/pages\/214357\/revisions"}],"up":[{"embeddable":true,"href":"https:\/\/www.textinghouse.com\/en\/wp-json\/wp\/v2\/pages\/214418"}],"wp:attachment":[{"href":"https:\/\/www.textinghouse.com\/en\/wp-json\/wp\/v2\/media?parent=214357"}],"curies":[{"name":"wp","href":"https:\/\/api.w.org\/{rel}","templated":true}]}}