{"id":214418,"date":"2022-07-25T08:54:25","date_gmt":"2022-07-25T06:54:25","guid":{"rendered":"http:\/\/sycszpz.cluster100.hosting.ovh.net\/send-sms-with-zapier\/"},"modified":"2025-07-01T09:31:48","modified_gmt":"2025-07-01T07:31:48","slug":"send-sms-with-zapier","status":"publish","type":"page","link":"https:\/\/www.textinghouse.com\/en\/send-sms-with-zapier\/","title":{"rendered":"Send SMS with Zapier"},"content":{"rendered":"<p>[et_pb_section fb_built=&#8221;1&#8243; _builder_version=&#8221;4.16&#8243; custom_padding=&#8221;0px|||||&#8221; locked=&#8221;off&#8221; global_colors_info=&#8221;{}&#8221;][et_pb_row _builder_version=&#8221;4.16&#8243; global_colors_info=&#8221;{}&#8221;][et_pb_column type=&#8221;4_4&#8243; _builder_version=&#8221;4.16&#8243; global_colors_info=&#8221;{}&#8221;][et_pb_text _builder_version=&#8221;4.16&#8243; text_orientation=&#8221;center&#8221; global_colors_info=&#8221;{}&#8221;]<\/p>\n<h1>Integrate SMS into your applications with Zapier and TextingHouse<\/h1>\n<p>[\/et_pb_text][\/et_pb_column][\/et_pb_row][et_pb_row column_structure=&#8221;3_5,1_5,1_5&#8243; _builder_version=&#8221;4.16&#8243; _module_preset=&#8221;default&#8221; global_colors_info=&#8221;{}&#8221;][et_pb_column type=&#8221;3_5&#8243; _builder_version=&#8221;4.16&#8243; _module_preset=&#8221;default&#8221; global_colors_info=&#8221;{}&#8221;][et_pb_image src=&#8221;https:\/\/www.textinghouse.com\/wp-content\/uploads\/2022\/07\/zapier-envoi-sms-logo.jpg&#8221; alt=&#8221;Zapier logo for texting SMS&#8221; title_text=&#8221;Send SMS with Zapier&#8221; url=&#8221;https:\/\/zapier.com\/apps\/sms-pro-textinghouse\/integrations&#8221; align=&#8221;center&#8221; _builder_version=&#8221;4.17.6&#8243; max_width=&#8221;500px&#8221; global_colors_info=&#8221;{}&#8221;][\/et_pb_image][\/et_pb_column][et_pb_column _builder_version=&#8221;4.27.4&#8243; _module_preset=&#8221;default&#8221; type=&#8221;1_5&#8243;][et_pb_image src=&#8221;https:\/\/www.textinghouse.com\/wp-content\/uploads\/2023\/03\/gdpr_logo_EN.png&#8221; alt=&#8221;GDPR compliant for sending SMS&#8221; title_text=&#8221;rgpd_logo&#8221; url=&#8221;https:\/\/www.textinghouse.com\/textinghouse-conformite-rgpd\/&#8221; align=&#8221;center&#8221; _builder_version=&#8221;4.23.1&#8243; _module_preset=&#8221;default&#8221; global_colors_info=&#8221;{}&#8221;][\/et_pb_image][\/et_pb_column][et_pb_column type=&#8221;1_5&#8243; _builder_version=&#8221;4.16&#8243; _module_preset=&#8221;default&#8221; global_colors_info=&#8221;{}&#8221;][et_pb_image src=&#8221;https:\/\/www.textinghouse.com\/wp-content\/uploads\/2025\/06\/envoi_sms_certifie_iso9001_iso27001.jpg&#8221; alt=&#8221;ISO27001 and ISO9001 certified sending SMS&#8221; title_text=&#8221;ISO27001 and ISO9001 certified&#8221; align=&#8221;center&#8221; _builder_version=&#8221;4.27.4&#8243; _module_preset=&#8221;default&#8221; hover_enabled=&#8221;0&#8243; global_colors_info=&#8221;{}&#8221; url=&#8221;@ET-DC@eyJkeW5hbWljIjp0cnVlLCJjb250ZW50IjoicG9zdF9saW5rX3VybF9wb3N0Iiwic2V0dGluZ3MiOnsicG9zdF9pZCI6IjIxNzE5NyJ9fQ==@&#8221; _dynamic_attributes=&#8221;url&#8221; sticky_enabled=&#8221;0&#8243;][\/et_pb_image][\/et_pb_column][\/et_pb_row][\/et_pb_section][et_pb_section fb_built=&#8221;1&#8243; _builder_version=&#8221;4.16&#8243; _module_preset=&#8221;default&#8221; background_color=&#8221;#5a6873&#8243; locked=&#8221;off&#8221; global_colors_info=&#8221;{}&#8221;][et_pb_row _builder_version=&#8221;4.16&#8243; global_colors_info=&#8221;{}&#8221;][et_pb_column type=&#8221;4_4&#8243; _builder_version=&#8221;4.16&#8243; global_colors_info=&#8221;{}&#8221;][et_pb_text _builder_version=&#8221;4.16&#8243; text_orientation=&#8221;center&#8221; background_layout=&#8221;dark&#8221; global_colors_info=&#8221;{}&#8221;]<\/p>\n<h2>Automate your SMS sending directly from your applications thanks to our Zapier module<\/h2>\n<p>[\/et_pb_text][et_pb_button button_url=&#8221;https:\/\/www.textinghouse.com\/en\/send-sms-with-zapier\/setup-guide\/&#8221; button_text=&#8221;Follow the guide to link your Zapier account with TextingHouse&#8221; button_alignment=&#8221;center&#8221; _builder_version=&#8221;4.17.4&#8243; custom_button=&#8221;on&#8221; button_text_color=&#8221;#ffffff&#8221; button_bg_color=&#8221;#ff7a59&#8243; button_border_width=&#8221;0px&#8221; button_border_color=&#8221;RGBA(0,0,0,0)&#8221; global_colors_info=&#8221;{}&#8221;][\/et_pb_button][\/et_pb_column][\/et_pb_row][\/et_pb_section][et_pb_section fb_built=&#8221;1&#8243; _builder_version=&#8221;4.16&#8243; _module_preset=&#8221;default&#8221; locked=&#8221;off&#8221; global_colors_info=&#8221;{}&#8221;][et_pb_row _builder_version=&#8221;4.17.6&#8243; _module_preset=&#8221;default&#8221; global_colors_info=&#8221;{}&#8221;][et_pb_column type=&#8221;4_4&#8243; _builder_version=&#8221;4.17.6&#8243; _module_preset=&#8221;default&#8221; global_colors_info=&#8221;{}&#8221;][et_pb_text _builder_version=&#8221;4.17.6&#8243; _module_preset=&#8221;default&#8221; global_colors_info=&#8221;{}&#8221;]<\/p>\n<h3>Send SMS with Zapier from more than 5000 web applications!<\/h3>\n<p>[\/et_pb_text][\/et_pb_column][\/et_pb_row][et_pb_row column_structure=&#8221;2_5,3_5&#8243; _builder_version=&#8221;4.16&#8243; global_colors_info=&#8221;{}&#8221;][et_pb_column type=&#8221;2_5&#8243; _builder_version=&#8221;4.16&#8243; global_colors_info=&#8221;{}&#8221;][et_pb_text _builder_version=&#8221;4.17.6&#8243; global_colors_info=&#8221;{}&#8221;]<\/p>\n<h3>Send SMS with Zapier and TextingHouse from over 5000 web applications!<\/h3>\n<p>TextingHouse&#8217;s Zapier module will allow you to send PRO SMS easily from all your professional applications:<\/p>\n<ul>\n<li><strong>Sales &#038; CRM<\/strong>: Salesforce, SharpSpring, Marketo, HubSpot&#8230;<\/li>\n<li><strong>Email<\/strong>: Gmail, Outlook, Mailchimp&#8230;<\/li>\n<li><strong>Social Media<\/strong>: Facebook, Twitter, Instagram&#8230;<\/li>\n<li><strong>Productivity<\/strong>: Google sheets, Google Docs,\u00a0 Google Calendar, Trello&#8230;<\/li>\n<li><strong>eCommerce<\/strong>: Woocommerce, Magento, Shopify, Paypal&#8230;<\/li>\n<li><strong>File management<\/strong>: Google Drive, Dropbox, OneDrive&#8230;<\/li>\n<li><strong>And many others!<\/strong><\/li>\n<\/ul>\n<p>&nbsp;[\/et_pb_text][\/et_pb_column][et_pb_column type=&#8221;3_5&#8243; _builder_version=&#8221;4.16&#8243; global_colors_info=&#8221;{}&#8221;][et_pb_image src=&#8221;https:\/\/www.textinghouse.com\/wp-content\/uploads\/2022\/07\/zapier_logos_applis.png&#8221; alt=&#8221;Zapier allows TextingHouse SMS to connect to multiple apps&#8221; title_text=&#8221;zapier_logos_applis&#8221; _builder_version=&#8221;4.17.6&#8243; global_colors_info=&#8221;{}&#8221;][\/et_pb_image][\/et_pb_column][\/et_pb_row][et_pb_row _builder_version=&#8221;4.16&#8243; locked=&#8221;off&#8221; global_colors_info=&#8221;{}&#8221;][et_pb_column type=&#8221;4_4&#8243; _builder_version=&#8221;4.16&#8243; global_colors_info=&#8221;{}&#8221;][et_pb_divider divider_weight=&#8221;2px&#8221; _builder_version=&#8221;4.16&#8243; global_colors_info=&#8221;{}&#8221;][\/et_pb_divider][\/et_pb_column][\/et_pb_row][et_pb_row column_structure=&#8221;3_5,2_5&#8243; _builder_version=&#8221;4.16&#8243; global_colors_info=&#8221;{}&#8221;][et_pb_column type=&#8221;3_5&#8243; _builder_version=&#8221;4.16&#8243; global_colors_info=&#8221;{}&#8221;][et_pb_image src=&#8221;https:\/\/www.textinghouse.com\/wp-content\/uploads\/2022\/07\/zapier-envoi-de-SMS.png&#8221; alt=&#8221;Zapier send SMS via TextingHouse&#8221; title_text=&#8221;zapier-envoi-de-SMS&#8221; _builder_version=&#8221;4.17.6&#8243; global_colors_info=&#8221;{}&#8221;][\/et_pb_image][\/et_pb_column][et_pb_column type=&#8221;2_5&#8243; _builder_version=&#8221;4.16&#8243; global_colors_info=&#8221;{}&#8221;][et_pb_text _builder_version=&#8221;4.16&#8243; global_colors_info=&#8221;{}&#8221;]<\/p>\n<h3>Automate your PRO SMS sending with Zapier<\/h3>\n<p>Without code or development, Zapier will allow you to send SMS by defining your scenarios from any other application connected with Zapier.[\/et_pb_text][\/et_pb_column][\/et_pb_row][et_pb_row _builder_version=&#8221;4.16&#8243; locked=&#8221;off&#8221; global_colors_info=&#8221;{}&#8221;][et_pb_column type=&#8221;4_4&#8243; _builder_version=&#8221;4.16&#8243; global_colors_info=&#8221;{}&#8221;][et_pb_divider divider_weight=&#8221;2px&#8221; _builder_version=&#8221;4.16&#8243; global_colors_info=&#8221;{}&#8221;][\/et_pb_divider][\/et_pb_column][\/et_pb_row][et_pb_row column_structure=&#8221;2_5,3_5&#8243; _builder_version=&#8221;4.16&#8243; global_colors_info=&#8221;{}&#8221;][et_pb_column type=&#8221;2_5&#8243; _builder_version=&#8221;4.16&#8243; global_colors_info=&#8221;{}&#8221;][et_pb_text _builder_version=&#8221;4.16&#8243; custom_padding=&#8221;|||18px||&#8221; global_colors_info=&#8221;{}&#8221;]<\/p>\n<h3>Automatically process via Zapier your SMS responses received<\/h3>\n<p><\/p>\n<p>If you receive responses following your SMS communications sent with TextingHouse, Zapier will allow you to transfer these responses to your other applications.<\/p>\n<p>[\/et_pb_text][\/et_pb_column][et_pb_column type=&#8221;3_5&#8243; _builder_version=&#8221;4.16&#8243; global_colors_info=&#8221;{}&#8221;][et_pb_image src=&#8221;https:\/\/www.textinghouse.com\/wp-content\/uploads\/2022\/07\/transfert-reponse-sms-via-zapier.png&#8221; alt=&#8221;Forward SMS replies to Zapier apps&#8221; title_text=&#8221;Forward SMS replies via Zapier&#8221; _builder_version=&#8221;4.17.6&#8243; global_colors_info=&#8221;{}&#8221;][\/et_pb_image][\/et_pb_column][\/et_pb_row][et_pb_row column_structure=&#8221;1_2,1_2&#8243; _builder_version=&#8221;4.16&#8243; global_colors_info=&#8221;{}&#8221;][et_pb_column type=&#8221;1_2&#8243; _builder_version=&#8221;4.16&#8243; global_colors_info=&#8221;{}&#8221;][et_pb_button button_url=&#8221;https:\/\/www.textinghouse.com\/en\/send-sms-with-zapier\/setup-guide\/&#8221; button_text=&#8221;Install TextingHouse for Zapier&#8221; button_alignment=&#8221;center&#8221; _builder_version=&#8221;4.17.4&#8243; global_colors_info=&#8221;{}&#8221;][\/et_pb_button][\/et_pb_column][et_pb_column type=&#8221;1_2&#8243; _builder_version=&#8221;4.16&#8243; global_colors_info=&#8221;{}&#8221;][et_pb_button button_url=&#8221;https:\/\/www.textinghouse.com\/en\/send-sms-with-hubspot\/support-guide-to-send-sms\/&#8221; button_text=&#8221;See the user guide&#8221; button_alignment=&#8221;center&#8221; disabled_on=&#8221;on|on|on&#8221; _builder_version=&#8221;4.17.4&#8243; disabled=&#8221;on&#8221; global_colors_info=&#8221;{}&#8221;][\/et_pb_button][\/et_pb_column][\/et_pb_row][et_pb_row _builder_version=&#8221;4.16&#8243; locked=&#8221;off&#8221; global_colors_info=&#8221;{}&#8221;][et_pb_column type=&#8221;4_4&#8243; _builder_version=&#8221;4.16&#8243; global_colors_info=&#8221;{}&#8221;][et_pb_divider divider_weight=&#8221;2px&#8221; _builder_version=&#8221;4.16&#8243; global_colors_info=&#8221;{}&#8221;][\/et_pb_divider][\/et_pb_column][\/et_pb_row][et_pb_row _builder_version=&#8221;4.17.6&#8243; _module_preset=&#8221;default&#8221; global_colors_info=&#8221;{}&#8221;][et_pb_column type=&#8221;4_4&#8243; _builder_version=&#8221;4.17.6&#8243; _module_preset=&#8221;default&#8221; global_colors_info=&#8221;{}&#8221;][et_pb_text _builder_version=&#8221;4.17.6&#8243; _module_preset=&#8221;default&#8221; global_colors_info=&#8221;{}&#8221;]<\/p>\n<h3>Some examples of using SMS with Zapier:<\/h3>\n<p>[\/et_pb_text][et_pb_code _builder_version=&#8221;4.17.6&#8243; _module_preset=&#8221;default&#8221; global_colors_info=&#8221;{}&#8221;]<zapier-zap-templates apps=\"sms-pro-textinghouse\" create-without-template=\"hide\" limit=\"10\" use-this-zap=\"show\" theme=\"light\">[\/et_pb_code][\/et_pb_column][\/et_pb_row][\/et_pb_section]<\/p>\n","protected":false},"excerpt":{"rendered":"<p>Integrate SMS into your applications with Zapier and TextingHouseAutomate your SMS sending directly from your applications thanks to our Zapier moduleSend SMS with Zapier from more than 5000 web applications!Send SMS with Zapier and TextingHouse from over 5000 web applications!TextingHouse&#8217;s Zapier module will allow you to send PRO SMS easily from all your professional applications: [&hellip;]<\/p>\n","protected":false},"author":2,"featured_media":0,"parent":0,"menu_order":0,"comment_status":"closed","ping_status":"closed","template":"","meta":{"_et_pb_use_builder":"on","_et_pb_old_content":"","_et_gb_content_width":"","footnotes":""},"class_list":["post-214418","page","type-page","status-publish","hentry"],"yoast_head":"<!-- This site is optimized with the Yoast SEO plugin v27.4 - https:\/\/yoast.com\/product\/yoast-seo-wordpress\/ -->\n<title>Send SMS with Zapier - Integrate SMS into your applications<\/title>\n<meta name=\"description\" content=\"SMS via Zapier with TextingHouse: Automate your SMS sending, Automatically forward your replies, Send SMS via all your apps\" \/>\n<meta name=\"robots\" content=\"index, follow, max-snippet:-1, max-image-preview:large, max-video-preview:-1\" \/>\n<link rel=\"canonical\" href=\"https:\/\/www.textinghouse.com\/en\/send-sms-with-zapier\/\" \/>\n<meta property=\"og:locale\" content=\"en_US\" \/>\n<meta property=\"og:type\" content=\"article\" \/>\n<meta property=\"og:title\" content=\"Send SMS with Zapier - Integrate SMS into your applications\" \/>\n<meta property=\"og:description\" content=\"SMS via Zapier with TextingHouse: Automate your SMS sending, Automatically forward your replies, Send SMS via all your apps\" \/>\n<meta property=\"og:url\" content=\"https:\/\/www.textinghouse.com\/en\/send-sms-with-zapier\/\" \/>\n<meta property=\"og:site_name\" content=\"TextingHouse SMS pro\" \/>\n<meta property=\"article:publisher\" content=\"https:\/\/www.facebook.com\/TextingHouse\" \/>\n<meta property=\"article:modified_time\" content=\"2025-07-01T07:31:48+00:00\" \/>\n<meta name=\"twitter:card\" content=\"summary_large_image\" \/>\n<meta name=\"twitter:site\" content=\"@TextingHouse\" \/>\n<meta name=\"twitter:label1\" content=\"Est. reading time\" \/>\n\t<meta name=\"twitter:data1\" content=\"3 minutes\" \/>\n<script type=\"application\/ld+json\" class=\"yoast-schema-graph\">{\"@context\":\"https:\\\/\\\/schema.org\",\"@graph\":[{\"@type\":\"WebPage\",\"@id\":\"https:\\\/\\\/www.textinghouse.com\\\/en\\\/send-sms-with-zapier\\\/\",\"url\":\"https:\\\/\\\/www.textinghouse.com\\\/en\\\/send-sms-with-zapier\\\/\",\"name\":\"Send SMS with Zapier - Integrate SMS into your applications\",\"isPartOf\":{\"@id\":\"https:\\\/\\\/www.textinghouse.com\\\/en\\\/#website\"},\"datePublished\":\"2022-07-25T06:54:25+00:00\",\"dateModified\":\"2025-07-01T07:31:48+00:00\",\"description\":\"SMS via Zapier with TextingHouse: Automate your SMS sending, Automatically forward your replies, Send SMS via all your apps\",\"breadcrumb\":{\"@id\":\"https:\\\/\\\/www.textinghouse.com\\\/en\\\/send-sms-with-zapier\\\/#breadcrumb\"},\"inLanguage\":\"en-US\",\"potentialAction\":[{\"@type\":\"ReadAction\",\"target\":[\"https:\\\/\\\/www.textinghouse.com\\\/en\\\/send-sms-with-zapier\\\/\"]}]},{\"@type\":\"BreadcrumbList\",\"@id\":\"https:\\\/\\\/www.textinghouse.com\\\/en\\\/send-sms-with-zapier\\\/#breadcrumb\",\"itemListElement\":[{\"@type\":\"ListItem\",\"position\":1,\"name\":\"Accueil\",\"item\":\"https:\\\/\\\/www.textinghouse.com\\\/en\\\/sending-pro-sms-via-web-browser-extension-textinghouse\\\/\"},{\"@type\":\"ListItem\",\"position\":2,\"name\":\"Send SMS with Zapier\"}]},{\"@type\":\"WebSite\",\"@id\":\"https:\\\/\\\/www.textinghouse.com\\\/en\\\/#website\",\"url\":\"https:\\\/\\\/www.textinghouse.com\\\/en\\\/\",\"name\":\"TextingHouse SMS pro\",\"description\":\"L&#039;int\u00e9gration du SMS \u00e0 vos applications m\u00e9tier\",\"publisher\":{\"@id\":\"https:\\\/\\\/www.textinghouse.com\\\/en\\\/#organization\"},\"potentialAction\":[{\"@type\":\"SearchAction\",\"target\":{\"@type\":\"EntryPoint\",\"urlTemplate\":\"https:\\\/\\\/www.textinghouse.com\\\/en\\\/?s={search_term_string}\"},\"query-input\":{\"@type\":\"PropertyValueSpecification\",\"valueRequired\":true,\"valueName\":\"search_term_string\"}}],\"inLanguage\":\"en-US\"},{\"@type\":\"Organization\",\"@id\":\"https:\\\/\\\/www.textinghouse.com\\\/en\\\/#organization\",\"name\":\"TextingHouse\",\"url\":\"https:\\\/\\\/www.textinghouse.com\\\/en\\\/\",\"logo\":{\"@type\":\"ImageObject\",\"inLanguage\":\"en-US\",\"@id\":\"https:\\\/\\\/www.textinghouse.com\\\/en\\\/#\\\/schema\\\/logo\\\/image\\\/\",\"url\":\"https:\\\/\\\/www.textinghouse.com\\\/wp-content\\\/uploads\\\/2017\\\/05\\\/cropped-TextingHouse_logo_800.png\",\"contentUrl\":\"https:\\\/\\\/www.textinghouse.com\\\/wp-content\\\/uploads\\\/2017\\\/05\\\/cropped-TextingHouse_logo_800.png\",\"width\":512,\"height\":512,\"caption\":\"TextingHouse\"},\"image\":{\"@id\":\"https:\\\/\\\/www.textinghouse.com\\\/en\\\/#\\\/schema\\\/logo\\\/image\\\/\"},\"sameAs\":[\"https:\\\/\\\/www.facebook.com\\\/TextingHouse\",\"https:\\\/\\\/x.com\\\/TextingHouse\",\"https:\\\/\\\/www.linkedin.com\\\/company\\\/textinghouse\",\"https:\\\/\\\/www.youtube.com\\\/channel\\\/UC9PEMl25tu5mNeTNeJXK5bA\"]}]}<\/script>\n<!-- \/ Yoast SEO plugin. -->","yoast_head_json":{"title":"Send SMS with Zapier - Integrate SMS into your applications","description":"SMS via Zapier with TextingHouse: Automate your SMS sending, Automatically forward your replies, Send SMS via all your apps","robots":{"index":"index","follow":"follow","max-snippet":"max-snippet:-1","max-image-preview":"max-image-preview:large","max-video-preview":"max-video-preview:-1"},"canonical":"https:\/\/www.textinghouse.com\/en\/send-sms-with-zapier\/","og_locale":"en_US","og_type":"article","og_title":"Send SMS with Zapier - Integrate SMS into your applications","og_description":"SMS via Zapier with TextingHouse: Automate your SMS sending, Automatically forward your replies, Send SMS via all your apps","og_url":"https:\/\/www.textinghouse.com\/en\/send-sms-with-zapier\/","og_site_name":"TextingHouse SMS pro","article_publisher":"https:\/\/www.facebook.com\/TextingHouse","article_modified_time":"2025-07-01T07:31:48+00:00","twitter_card":"summary_large_image","twitter_site":"@TextingHouse","twitter_misc":{"Est. reading time":"3 minutes"},"schema":{"@context":"https:\/\/schema.org","@graph":[{"@type":"WebPage","@id":"https:\/\/www.textinghouse.com\/en\/send-sms-with-zapier\/","url":"https:\/\/www.textinghouse.com\/en\/send-sms-with-zapier\/","name":"Send SMS with Zapier - Integrate SMS into your applications","isPartOf":{"@id":"https:\/\/www.textinghouse.com\/en\/#website"},"datePublished":"2022-07-25T06:54:25+00:00","dateModified":"2025-07-01T07:31:48+00:00","description":"SMS via Zapier with TextingHouse: Automate your SMS sending, Automatically forward your replies, Send SMS via all your apps","breadcrumb":{"@id":"https:\/\/www.textinghouse.com\/en\/send-sms-with-zapier\/#breadcrumb"},"inLanguage":"en-US","potentialAction":[{"@type":"ReadAction","target":["https:\/\/www.textinghouse.com\/en\/send-sms-with-zapier\/"]}]},{"@type":"BreadcrumbList","@id":"https:\/\/www.textinghouse.com\/en\/send-sms-with-zapier\/#breadcrumb","itemListElement":[{"@type":"ListItem","position":1,"name":"Accueil","item":"https:\/\/www.textinghouse.com\/en\/sending-pro-sms-via-web-browser-extension-textinghouse\/"},{"@type":"ListItem","position":2,"name":"Send SMS with Zapier"}]},{"@type":"WebSite","@id":"https:\/\/www.textinghouse.com\/en\/#website","url":"https:\/\/www.textinghouse.com\/en\/","name":"TextingHouse SMS pro","description":"L&#039;int\u00e9gration du SMS \u00e0 vos applications m\u00e9tier","publisher":{"@id":"https:\/\/www.textinghouse.com\/en\/#organization"},"potentialAction":[{"@type":"SearchAction","target":{"@type":"EntryPoint","urlTemplate":"https:\/\/www.textinghouse.com\/en\/?s={search_term_string}"},"query-input":{"@type":"PropertyValueSpecification","valueRequired":true,"valueName":"search_term_string"}}],"inLanguage":"en-US"},{"@type":"Organization","@id":"https:\/\/www.textinghouse.com\/en\/#organization","name":"TextingHouse","url":"https:\/\/www.textinghouse.com\/en\/","logo":{"@type":"ImageObject","inLanguage":"en-US","@id":"https:\/\/www.textinghouse.com\/en\/#\/schema\/logo\/image\/","url":"https:\/\/www.textinghouse.com\/wp-content\/uploads\/2017\/05\/cropped-TextingHouse_logo_800.png","contentUrl":"https:\/\/www.textinghouse.com\/wp-content\/uploads\/2017\/05\/cropped-TextingHouse_logo_800.png","width":512,"height":512,"caption":"TextingHouse"},"image":{"@id":"https:\/\/www.textinghouse.com\/en\/#\/schema\/logo\/image\/"},"sameAs":["https:\/\/www.facebook.com\/TextingHouse","https:\/\/x.com\/TextingHouse","https:\/\/www.linkedin.com\/company\/textinghouse","https:\/\/www.youtube.com\/channel\/UC9PEMl25tu5mNeTNeJXK5bA"]}]}},"_links":{"self":[{"href":"https:\/\/www.textinghouse.com\/en\/wp-json\/wp\/v2\/pages\/214418","targetHints":{"allow":["GET"]}}],"collection":[{"href":"https:\/\/www.textinghouse.com\/en\/wp-json\/wp\/v2\/pages"}],"about":[{"href":"https:\/\/www.textinghouse.com\/en\/wp-json\/wp\/v2\/types\/page"}],"author":[{"embeddable":true,"href":"https:\/\/www.textinghouse.com\/en\/wp-json\/wp\/v2\/users\/2"}],"replies":[{"embeddable":true,"href":"https:\/\/www.textinghouse.com\/en\/wp-json\/wp\/v2\/comments?post=214418"}],"version-history":[{"count":0,"href":"https:\/\/www.textinghouse.com\/en\/wp-json\/wp\/v2\/pages\/214418\/revisions"}],"wp:attachment":[{"href":"https:\/\/www.textinghouse.com\/en\/wp-json\/wp\/v2\/media?parent=214418"}],"curies":[{"name":"wp","href":"https:\/\/api.w.org\/{rel}","templated":true}]}}